{"id":4972,"date":"2025-11-02T13:53:38","date_gmt":"2025-11-02T10:53:38","guid":{"rendered":"https:\/\/bilgikozasi.com.tr\/?page_id=4972"},"modified":"2026-02-06T09:07:48","modified_gmt":"2026-02-06T06:07:48","slug":"felsefemiz","status":"publish","type":"page","link":"https:\/\/bilgikozasi.com.tr\/en\/felsefemiz\/","title":{"rendered":"Our Philosophy"},"content":{"rendered":"<div class=\"wpb-content-wrapper\"><div data-vc-full-width=\"true\" data-vc-full-width-temp=\"true\" data-vc-full-width-init=\"false\" class=\"vc_row wpb_row vc_row-fluid vc_custom_1770139641367 vc_row-has-fill vc_row-o-equal-height vc_row-o-content-middle vc_row-flex\"><div class=\"wpb_column vc_column_container vc_col-sm-6 vc_col-lg-6 vc_col-md-6 vc_hidden-md vc_hidden-sm vc_hidden-xs\"><div class=\"vc_column-inner vc_custom_1475230980030\"><div class=\"wpb_wrapper\"><h2 class=\"stm-title stm-title_sep_bottom\" style=\"text-align:left;color:#57228E\">\n\nOur Philosophy\n<\/h2>\n\t<div class=\"stm-separator stm-clearfix stm-separator_type_title\" >\n\t\t<div class=\"stm-separator__line stm-border-b_color_lilac\" ><\/div>\n\t<\/div>\n\n\t<div class=\"wpb_text_column wpb_content_element\" >\n\t\t<div class=\"wpb_wrapper\">\n\t\t\t<p>We provide enriched learning environments that support children\u2019s physical, social, linguistic, and cognitive development, enabling them to discover and realize their full potential<\/p>\n<p>Amac\u0131m\u0131z merak eden, sorgulayan, ara\u015ft\u0131ran, problem \u00e7\u00f6zebilen, olumlu d\u00fc\u015f\u00fcnebilen, esnek, yarat\u0131c\u0131 bireyler yeti\u015ftirmektir. \u00c7ocuklar\u0131m\u0131z\u0131 hem bir grubun par\u00e7as\u0131 olmay\u0131 \u00f6\u011frenen hem de bireyselliklerini koruyabilen g\u00fc\u00e7l\u00fc nesiller olarak gelece\u011fe haz\u0131rlar\u0131z\u2026<\/p>\n<article class=\"text-token-text-primary w-full focus:outline-none &#091;--shadow-height:45px&#093; has-data-writing-block:pointer-events-none has-data-writing-block:-mt-(--shadow-height) has-data-writing-block:pt-(--shadow-height) &#091;&amp;:has(&#091;data-writing-block&#093;)&gt;*&#093;:pointer-events-auto scroll-mt-(--header-height)\" dir=\"auto\" tabindex=\"-1\" data-turn-id=\"97008bb3-00fe-4f66-af38-92b4a10de814\" data-testid=\"conversation-turn-57\" data-scroll-anchor=\"false\" data-turn=\"user\">\n<div class=\"text-base my-auto mx-auto pt-12 &#091;--thread-content-margin:--spacing(4)&#093; @w-sm\/main:&#091;--thread-content-margin:--spacing(6)&#093; @w-lg\/main:&#091;--thread-content-margin:--spacing(16)&#093; px-(--thread-content-margin)\">\n<div class=\"&#091;--thread-content-max-width:40rem&#093; @w-lg\/main:&#091;--thread-content-max-width:48rem&#093; mx-auto max-w-(--thread-content-max-width) flex-1 group\/turn-messages focus-visible:outline-hidden relative flex w-full min-w-0 flex-col\" tabindex=\"-1\">\n<div class=\"z-0 flex justify-end\"><\/div>\n<\/div>\n<\/div>\n<\/article>\n<article class=\"text-token-text-primary w-full focus:outline-none &#091;--shadow-height:45px&#093; has-data-writing-block:pointer-events-none has-data-writing-block:-mt-(--shadow-height) has-data-writing-block:pt-(--shadow-height) &#091;&amp;:has(&#091;data-writing-block&#093;)&gt;*&#093;:pointer-events-auto scroll-mt-&#091;calc(var(--header-height)+min(200px,max(70px,20svh)))&#093;\" dir=\"auto\" tabindex=\"-1\" data-turn-id=\"request-WEB:e6048951-06bc-4b70-b694-8be5a81aab8f-28\" data-testid=\"conversation-turn-58\" data-scroll-anchor=\"true\" data-turn=\"assistant\"><\/article>\n\n\t\t<\/div>\n\t<\/div>\n<\/div><\/div><\/div><div class=\"wpb_column vc_column_container vc_col-sm-12 vc_col-lg-6 vc_col-md-12\"><div class=\"vc_column-inner vc_custom_1770139747966\"><div class=\"wpb_wrapper\">\n\t<div  class=\"wpb_single_image wpb_content_element vc_align_left wpb_content_element vc_custom_1770141371543\">\n\t\t\n\t\t<figure class=\"wpb_wrapper vc_figure\">\n\t\t\t<div class=\"vc_single_image-wrapper   vc_box_border_grey\"><img decoding=\"async\" class=\"vc_single_image-img\" src=\"https:\/\/bilgikozasi.com.tr\/wp-content\/uploads\/2026\/01\/OO_0214-1-e1769611192159-600x500.jpg\" width=\"600\" height=\"500\" alt=\"_OO_0214\" title=\"_OO_0214\" loading=\"lazy\" \/><\/div>\n\t\t<\/figure>\n\t<\/div>\n<\/div><\/div><\/div><\/div><div class=\"vc_row-full-width vc_clearfix\"><\/div><div class=\"vc_row wpb_row vc_row-fluid\"><div class=\"wpb_column vc_column_container vc_col-sm-12\"><div class=\"vc_column-inner\"><div class=\"wpb_wrapper\"><div class=\"vc_empty_space\"   style=\"height: 10px\"><span class=\"vc_empty_space_inner\"><\/span><\/div><\/div><\/div><\/div><\/div><div data-vc-full-width=\"true\" data-vc-full-width-temp=\"true\" data-vc-full-width-init=\"false\" class=\"vc_row wpb_row vc_row-fluid vc_custom_1770139641367 vc_row-has-fill vc_row-o-equal-height vc_row-o-content-middle vc_row-flex\"><div class=\"wpb_column vc_column_container vc_col-sm-6 vc_col-lg-6 vc_col-md-6 vc_hidden-md vc_hidden-sm vc_hidden-xs\"><div class=\"vc_column-inner vc_custom_1475230980030\"><div class=\"wpb_wrapper\"><div class=\"wpb_gallery wpb_content_element vc_clearfix vc_custom_1770357910060 wpb_content_element\" ><div class=\"wpb_wrapper\"><div class=\"wpb_gallery_slides wpb_flexslider flexslider_fade flexslider\" data-interval=\"3\" data-flex_fx=\"fade\"><ul class=\"slides\"><li><a class=\"\" href=\"https:\/\/bilgikozasi.com.tr\/wp-content\/uploads\/2026\/01\/OO_0030-1-1024x683.jpg\" data-lightbox=\"lightbox[rel-4972-440464454]\"><img decoding=\"async\" class=\"\" src=\"https:\/\/bilgikozasi.com.tr\/wp-content\/uploads\/2026\/01\/OO_0030-1-600x500.jpg\" width=\"600\" height=\"500\" alt=\"_OO_0030\" title=\"_OO_0030\" loading=\"lazy\" \/><\/a><\/li><li><a class=\"\" href=\"https:\/\/bilgikozasi.com.tr\/wp-content\/uploads\/2026\/01\/OO_0093-1-1024x683.jpg\" data-lightbox=\"lightbox[rel-4972-440464454]\"><img decoding=\"async\" class=\"\" src=\"https:\/\/bilgikozasi.com.tr\/wp-content\/uploads\/2026\/01\/OO_0093-1-600x500.jpg\" width=\"600\" height=\"500\" alt=\"_OO_0093\" title=\"_OO_0093\" loading=\"lazy\" \/><\/a><\/li><li><a class=\"\" href=\"https:\/\/bilgikozasi.com.tr\/wp-content\/uploads\/2026\/01\/OO_0095-1024x683.jpg\" data-lightbox=\"lightbox[rel-4972-440464454]\"><img decoding=\"async\" class=\"\" src=\"https:\/\/bilgikozasi.com.tr\/wp-content\/uploads\/2026\/01\/OO_0095-600x500.jpg\" width=\"600\" height=\"500\" alt=\"_OO_0095\" title=\"_OO_0095\" loading=\"lazy\" \/><\/a><\/li><\/ul><\/div><\/div><\/div><\/div><\/div><\/div><div class=\"wpb_column vc_column_container vc_col-sm-12 vc_col-lg-6 vc_col-md-12\"><div class=\"vc_column-inner vc_custom_1770139747966\"><div class=\"wpb_wrapper\"><div class=\"vc_empty_space\"   style=\"height: 15px\"><span class=\"vc_empty_space_inner\"><\/span><\/div>\n\t<div class=\"wpb_text_column wpb_content_element\" >\n\t\t<div class=\"wpb_wrapper\">\n\t\t\t<h4><strong>We Believe That\u2026<\/strong><\/h4>\n<ul>\n<li style=\"font-weight: 400;\" aria-level=\"1\">That every child has a unique value to contribute to this world.<\/li>\n<li style=\"font-weight: 400;\" aria-level=\"1\"><span style=\"font-weight: 400;\">That being part of children\u2019s lives is a great joy and honor, and that the work we do leaves lasting impressions on each child\u2019s life.<\/span><\/li>\n<li style=\"font-weight: 400;\" aria-level=\"1\"><span style=\"font-weight: 400;\">That children\u2019s holistic development, health, and happiness are above all else.<\/span><\/li>\n<li style=\"font-weight: 400;\" aria-level=\"1\"><span style=\"font-weight: 400;\">That every individual deserves special care and attention.<\/span><\/li>\n<li style=\"font-weight: 400;\" aria-level=\"1\"><span style=\"font-weight: 400;\">That recognizing and respecting the different needs of children, educators, and families enables not only individual development but also provides a valuable service to society.<\/span><\/li>\n<li style=\"font-weight: 400;\" aria-level=\"1\"><span style=\"font-weight: 400;\">That, as an institution, being open to learning and growth makes life more enjoyable and meaningful.<\/span><\/li>\n<li style=\"font-weight: 400;\" aria-level=\"1\"><span style=\"font-weight: 400;\">That education, when built on openness and honesty, gains true trust and lasting value\u00a0<\/span><\/li>\n<\/ul>\n\n\t\t<\/div>\n\t<\/div>\n<\/div><\/div><\/div><\/div><div class=\"vc_row-full-width vc_clearfix\"><\/div><div class=\"vc_row wpb_row vc_row-fluid\"><div class=\"wpb_column vc_column_container vc_col-sm-12\"><div class=\"vc_column-inner\"><div class=\"wpb_wrapper\"><div class=\"vc_empty_space\"   style=\"height: 10px\"><span class=\"vc_empty_space_inner\"><\/span><\/div><\/div><\/div><\/div><\/div><div data-vc-full-width=\"true\" data-vc-full-width-temp=\"true\" data-vc-full-width-init=\"false\" class=\"vc_row wpb_row vc_row-fluid vc_custom_1770139641367 vc_row-has-fill vc_row-o-equal-height vc_row-o-content-middle vc_row-flex\"><div class=\"wpb_column vc_column_container vc_col-sm-6 vc_col-lg-6 vc_col-md-6 vc_hidden-md vc_hidden-sm vc_hidden-xs\"><div class=\"vc_column-inner vc_custom_1475230980030\"><div class=\"wpb_wrapper\"><div class=\"vc_empty_space\"   style=\"height: 15px\"><span class=\"vc_empty_space_inner\"><\/span><\/div>\n\t<div class=\"wpb_text_column wpb_content_element\" >\n\t\t<div class=\"wpb_wrapper\">\n\t\t\t<h4><b>We know that\u2026<\/b><\/h4>\n<ul>\n<li style=\"font-weight: 400;\" aria-level=\"1\"><span style=\"font-weight: 400; color: #000000;\">That with belief, effort, and dedication, anything is possible.<\/span><\/li>\n<li style=\"font-weight: 400;\" aria-level=\"1\"><span style=\"font-weight: 400; color: #000000;\">That in today\u2019s world, adults\u2019 ongoing investment in learning is vital both for their own development and for children\u2019s future.\u00a0<\/span><\/li>\n<li style=\"font-weight: 400;\" aria-level=\"1\"><span style=\"font-weight: 400; color: #000000;\">That a happy, safe, and joyful environment goes hand in hand with learning.<\/span><\/li>\n<li style=\"font-weight: 400;\" aria-level=\"1\"><span style=\"font-weight: 400; color: #000000;\">When we keep up with developments in education and blend them with our own values, we can provide children with the most accurate and meaningful learning environment.<\/span><\/li>\n<\/ul>\n\n\t\t<\/div>\n\t<\/div>\n<\/div><\/div><\/div><div class=\"wpb_column vc_column_container vc_col-sm-12 vc_col-lg-6 vc_col-md-12\"><div class=\"vc_column-inner vc_custom_1770139747966\"><div class=\"wpb_wrapper\"><div class=\"wpb_gallery wpb_content_element vc_clearfix vc_custom_1770358014221 wpb_content_element\" ><div class=\"wpb_wrapper\"><div class=\"wpb_gallery_slides wpb_flexslider flexslider_fade flexslider\" data-interval=\"3\" data-flex_fx=\"fade\"><ul class=\"slides\"><li><a class=\"\" href=\"https:\/\/bilgikozasi.com.tr\/wp-content\/uploads\/2026\/01\/OO_0119-1-683x1024.jpg\" data-lightbox=\"lightbox[rel-4972-3580130910]\"><img decoding=\"async\" class=\"\" src=\"https:\/\/bilgikozasi.com.tr\/wp-content\/uploads\/2026\/01\/OO_0119-1-600x500.jpg\" width=\"600\" height=\"500\" alt=\"_OO_0119\" title=\"_OO_0119\" loading=\"lazy\" \/><\/a><\/li><li><a class=\"\" href=\"https:\/\/bilgikozasi.com.tr\/wp-content\/uploads\/2026\/01\/OO_0469-1-1024x683.jpg\" data-lightbox=\"lightbox[rel-4972-3580130910]\"><img decoding=\"async\" class=\"\" src=\"https:\/\/bilgikozasi.com.tr\/wp-content\/uploads\/2026\/01\/OO_0469-1-600x500.jpg\" width=\"600\" height=\"500\" alt=\"_OO_0469\" title=\"_OO_0469\" loading=\"lazy\" \/><\/a><\/li><li><a class=\"\" href=\"https:\/\/bilgikozasi.com.tr\/wp-content\/uploads\/2026\/01\/OO_0416-1-1024x683.jpg\" data-lightbox=\"lightbox[rel-4972-3580130910]\"><img decoding=\"async\" class=\"\" src=\"https:\/\/bilgikozasi.com.tr\/wp-content\/uploads\/2026\/01\/OO_0416-1-600x500.jpg\" width=\"600\" height=\"500\" alt=\"_OO_0416\" title=\"_OO_0416\" loading=\"lazy\" \/><\/a><\/li><\/ul><\/div><\/div><\/div><\/div><\/div><\/div><\/div><div class=\"vc_row-full-width vc_clearfix\"><\/div><div class=\"vc_row wpb_row vc_row-fluid\"><div class=\"wpb_column vc_column_container vc_col-sm-12\"><div class=\"vc_column-inner\"><div class=\"wpb_wrapper\"><div class=\"vc_empty_space\"   style=\"height: 10px\"><span class=\"vc_empty_space_inner\"><\/span><\/div><\/div><\/div><\/div><\/div>\n<\/div>","protected":false},"excerpt":{"rendered":"Felsefemiz Hayat\u0131na dokundu\u011fumuz \u00e7ocuklar\u0131n sahip olduklar\u0131 potansiyeli ke\u015ffetmek ve kullanabilmeleri i\u00e7in; fiziksel, sosyal, dilsel ve zihinsel geli\u015fimlerini destekleyen zenginle\u015ftirilmi\u015f \u00f6\u011frenme ortamlar\u0131 sunuyoruz. Amac\u0131m\u0131z merak eden, sorgulayan, ara\u015ft\u0131ran, problem \u00e7\u00f6zebilen, olumlu d\u00fc\u015f\u00fcnebilen, esnek, yarat\u0131c\u0131 bireyler yeti\u015ftirmektir. \u00c7ocuklar\u0131m\u0131z\u0131 hem bir grubun par\u00e7as\u0131 olmay\u0131 \u00f6\u011frenen hem de bireyselliklerini koruyabilen g\u00fc\u00e7l\u00fc nesiller olarak gelece\u011fe haz\u0131rlar\u0131z\u2026 \u0130nan\u0131yoruz ki.. Her \u00e7ocu\u011fun [...]","protected":false},"author":1,"featured_media":0,"parent":0,"menu_order":0,"comment_status":"closed","ping_status":"closed","template":"","meta":{"footnotes":""},"class_list":["post-4972","page","type-page","status-publish","hentry"],"_links":{"self":[{"href":"https:\/\/bilgikozasi.com.tr\/en\/wp-json\/wp\/v2\/pages\/4972","targetHints":{"allow":["GET"]}}],"collection":[{"href":"https:\/\/bilgikozasi.com.tr\/en\/wp-json\/wp\/v2\/pages"}],"about":[{"href":"https:\/\/bilgikozasi.com.tr\/en\/wp-json\/wp\/v2\/types\/page"}],"author":[{"embeddable":true,"href":"https:\/\/bilgikozasi.com.tr\/en\/wp-json\/wp\/v2\/users\/1"}],"replies":[{"embeddable":true,"href":"https:\/\/bilgikozasi.com.tr\/en\/wp-json\/wp\/v2\/comments?post=4972"}],"version-history":[{"count":26,"href":"https:\/\/bilgikozasi.com.tr\/en\/wp-json\/wp\/v2\/pages\/4972\/revisions"}],"predecessor-version":[{"id":5901,"href":"https:\/\/bilgikozasi.com.tr\/en\/wp-json\/wp\/v2\/pages\/4972\/revisions\/5901"}],"wp:attachment":[{"href":"https:\/\/bilgikozasi.com.tr\/en\/wp-json\/wp\/v2\/media?parent=4972"}],"curies":[{"name":"wp","href":"https:\/\/api.w.org\/{rel}","templated":true}]}}