{"id":4987,"date":"2025-11-02T14:11:41","date_gmt":"2025-11-02T11:11:41","guid":{"rendered":"https:\/\/bilgikozasi.com.tr\/?page_id=4987"},"modified":"2026-02-06T13:46:57","modified_gmt":"2026-02-06T10:46:57","slug":"beslenme-saglik","status":"publish","type":"page","link":"https:\/\/bilgikozasi.com.tr\/en\/beslenme-saglik\/","title":{"rendered":"Nutrition &amp; Health"},"content":{"rendered":"<div class=\"wpb-content-wrapper\"><div class=\"vc_row wpb_row vc_row-fluid\"><div class=\"wpb_column vc_column_container vc_col-sm-12\"><div class=\"vc_column-inner\"><div class=\"wpb_wrapper\"><div class=\"vc_empty_space\"   style=\"height: 50px\"><span class=\"vc_empty_space_inner\"><\/span><\/div><\/div><\/div><\/div><\/div><div data-vc-full-width=\"true\" data-vc-full-width-temp=\"true\" data-vc-full-width-init=\"false\" class=\"vc_row wpb_row vc_row-fluid vc_custom_1475228668712 vc_row-has-fill vc_row-o-equal-height vc_row-o-content-middle vc_row-flex\"><div class=\"wpb_column vc_column_container vc_col-sm-6 vc_col-lg-6 vc_col-md-6 vc_hidden-md vc_hidden-sm vc_hidden-xs\"><div class=\"vc_column-inner vc_custom_1770099639027\"><div class=\"wpb_wrapper\"><div class=\"wpb_gallery wpb_content_element vc_clearfix vc_custom_1770374804753 wpb_content_element\" ><div class=\"wpb_wrapper\"><div class=\"wpb_gallery_slides wpb_flexslider flexslider_fade flexslider\" data-interval=\"3\" data-flex_fx=\"fade\"><ul class=\"slides\"><li><a class=\"\" href=\"https:\/\/bilgikozasi.com.tr\/wp-content\/uploads\/2026\/01\/OO_0411-1-1024x683.jpg\" data-lightbox=\"lightbox[rel-4987-3834987222]\"><img decoding=\"async\" class=\"\" src=\"https:\/\/bilgikozasi.com.tr\/wp-content\/uploads\/2026\/01\/OO_0411-1-500x500.jpg\" width=\"500\" height=\"500\" alt=\"_OO_0411\" title=\"_OO_0411\" loading=\"lazy\" \/><\/a><\/li><li><a class=\"\" href=\"https:\/\/bilgikozasi.com.tr\/wp-content\/uploads\/2026\/01\/OO_0410-1-1024x683.jpg\" data-lightbox=\"lightbox[rel-4987-3834987222]\"><img decoding=\"async\" class=\"\" src=\"https:\/\/bilgikozasi.com.tr\/wp-content\/uploads\/2026\/01\/OO_0410-1-500x500.jpg\" width=\"500\" height=\"500\" alt=\"_OO_0410\" title=\"_OO_0410\" loading=\"lazy\" \/><\/a><\/li><li><a class=\"\" href=\"https:\/\/bilgikozasi.com.tr\/wp-content\/uploads\/2026\/01\/OO_0409-1-1024x683.jpg\" data-lightbox=\"lightbox[rel-4987-3834987222]\"><img decoding=\"async\" class=\"\" src=\"https:\/\/bilgikozasi.com.tr\/wp-content\/uploads\/2026\/01\/OO_0409-1-500x500.jpg\" width=\"500\" height=\"500\" alt=\"_OO_0409\" title=\"_OO_0409\" loading=\"lazy\" \/><\/a><\/li><li><a class=\"\" href=\"https:\/\/bilgikozasi.com.tr\/wp-content\/uploads\/2026\/01\/OO_0408-1-1024x683.jpg\" data-lightbox=\"lightbox[rel-4987-3834987222]\"><img decoding=\"async\" class=\"\" src=\"https:\/\/bilgikozasi.com.tr\/wp-content\/uploads\/2026\/01\/OO_0408-1-500x500.jpg\" width=\"500\" height=\"500\" alt=\"_OO_0408\" title=\"_OO_0408\" loading=\"lazy\" \/><\/a><\/li><li><a class=\"\" href=\"https:\/\/bilgikozasi.com.tr\/wp-content\/uploads\/2026\/01\/OO_0406-1024x683.jpg\" data-lightbox=\"lightbox[rel-4987-3834987222]\"><img decoding=\"async\" class=\"\" src=\"https:\/\/bilgikozasi.com.tr\/wp-content\/uploads\/2026\/01\/OO_0406-500x500.jpg\" width=\"500\" height=\"500\" alt=\"_OO_0406\" title=\"_OO_0406\" loading=\"lazy\" \/><\/a><\/li><li><a class=\"\" href=\"https:\/\/bilgikozasi.com.tr\/wp-content\/uploads\/2026\/01\/OO_0404-1024x683.jpg\" data-lightbox=\"lightbox[rel-4987-3834987222]\"><img decoding=\"async\" class=\"\" src=\"https:\/\/bilgikozasi.com.tr\/wp-content\/uploads\/2026\/01\/OO_0404-500x500.jpg\" width=\"500\" height=\"500\" alt=\"_OO_0404\" title=\"_OO_0404\" loading=\"lazy\" \/><\/a><\/li><li><a class=\"\" href=\"https:\/\/bilgikozasi.com.tr\/wp-content\/uploads\/2026\/01\/OO_0402-1024x683.jpg\" data-lightbox=\"lightbox[rel-4987-3834987222]\"><img decoding=\"async\" class=\"\" src=\"https:\/\/bilgikozasi.com.tr\/wp-content\/uploads\/2026\/01\/OO_0402-500x500.jpg\" width=\"500\" height=\"500\" alt=\"_OO_0402\" title=\"_OO_0402\" loading=\"lazy\" \/><\/a><\/li><\/ul><\/div><\/div><\/div><\/div><\/div><\/div><div class=\"wpb_column vc_column_container vc_col-sm-12 vc_col-lg-6 vc_col-md-12\"><div class=\"vc_column-inner vc_custom_1475230863115\"><div class=\"wpb_wrapper\"><h2 class=\"stm-title stm-title_sep_bottom\" style=\"text-align:center;margin-bottom:28px;color:#57228E\">\n\nHolistic Health and Nutrition\n<\/h2>\n\t<div class=\"stm-separator stm-clearfix stm-separator_type_title\" >\n\t\t<div class=\"stm-separator__line stm-border-b_color_lilac\" style=\"margin-left:auto;margin-right:auto\"><\/div>\n\t<\/div>\n\n\t<div class=\"wpb_text_column wpb_content_element\" >\n\t\t<div class=\"wpb_wrapper\">\n\t\t\t<div style=\"height: 450px; overflow-x: hidden; overflow-y: scroll;\">\n<p><strong>\u201cIt takes a village to raise a child.\u201d<\/strong><\/p>\n<p>We strive to bring this understanding to life under our roof.<br \/>\nNutrition, hygiene, and safety are the most fundamental needs in a child\u2019s life; we approach each of these areas with time, care, and awareness. Throughout the day, we help children make the questions \u2018what, when, where, how, why, and who\u2019 a natural part of everyday life. Our approach to nutrition is a direct extension of this holistic perspective.<\/p>\n<p><strong>What Do We Eat?<\/strong>We follow a balanced and natural diet rich in protein, fruits, vegetables, and carbohydrates.<\/p>\n<p><strong>How Do We Eat?<\/strong><\/p>\n<p>Our meals are prepared fresh and without additives in our own kitchen.<br \/>\nGuided by scientific evidence, we adopt a simple nutrition model that avoids sugar and additives.<br \/>\nWe see mealtimes not only as moments for eating, but as special opportunities for children to develop body awareness, respect for their own preferences, and social skills.<\/p>\n<p><strong>Why Do We Eat This Way?<\/strong><\/p>\n<p>We believe that the responsibility for every bite that enters a small body belongs to the adult.<br \/>\nFor this reason, sugary and additive-containing products have no place in our kitchen.<br \/>\nWe celebrate birthdays with colorful fruit salads.<\/p>\n<p><strong>Where Do We Eat?<\/strong><\/p>\n<p>We pay close attention to the hygiene of food preparation areas and ensure that the spaces where children eat are warm, calm, and home-like.<\/p>\n<p><strong>Who Do We Collaborate With?<\/strong><\/p>\n<p>Our olive oil comes from the Kaz Mountains,<br \/>\nOur eggs come from Kemerburgaz Farm,<br \/>\nOur fruits and vegetables come from our local greengrocer,<br \/>\nOur meat products are sourced from our local neighborhood butcher.<\/p>\n<\/div>\n\n\t\t<\/div>\n\t<\/div>\n<\/div><\/div><\/div><\/div><div class=\"vc_row-full-width vc_clearfix\"><\/div>\n<\/div>","protected":false},"excerpt":{"rendered":"B\u00fct\u00fcnsel Sa\u011fl\u0131k ve Beslenme \u201cBir \u00e7ocu\u011fu bir k\u00f6y yeti\u015ftirir.\u201d Biz bu anlay\u0131\u015f\u0131 \u00e7at\u0131m\u0131z alt\u0131nda ger\u00e7ek k\u0131lmaya \u00e7al\u0131\u015f\u0131yoruz. \u00c7ocuklar\u0131n ya\u015fam\u0131nda beslenme, temizlik ve g\u00fcvenlik en temel ihtiya\u00e7lard\u0131r; bu alanlara zaman, \u00f6zen ve bilin\u00e7le yakla\u015f\u0131r\u0131z. G\u00fcn boyunca \u00e7ocuklarla birlikte \u201cNe, ne zaman, nerede, nas\u0131l, neden, kim?\u201d sorular\u0131n\u0131 ya\u015fam\u0131n bir par\u00e7as\u0131 haline getiririz. Beslenme yakla\u015f\u0131m\u0131m\u0131z da bu b\u00fct\u00fcnsel [...]","protected":false},"author":1,"featured_media":0,"parent":0,"menu_order":0,"comment_status":"closed","ping_status":"closed","template":"","meta":{"footnotes":""},"class_list":["post-4987","page","type-page","status-publish","hentry"],"_links":{"self":[{"href":"https:\/\/bilgikozasi.com.tr\/en\/wp-json\/wp\/v2\/pages\/4987","targetHints":{"allow":["GET"]}}],"collection":[{"href":"https:\/\/bilgikozasi.com.tr\/en\/wp-json\/wp\/v2\/pages"}],"about":[{"href":"https:\/\/bilgikozasi.com.tr\/en\/wp-json\/wp\/v2\/types\/page"}],"author":[{"embeddable":true,"href":"https:\/\/bilgikozasi.com.tr\/en\/wp-json\/wp\/v2\/users\/1"}],"replies":[{"embeddable":true,"href":"https:\/\/bilgikozasi.com.tr\/en\/wp-json\/wp\/v2\/comments?post=4987"}],"version-history":[{"count":21,"href":"https:\/\/bilgikozasi.com.tr\/en\/wp-json\/wp\/v2\/pages\/4987\/revisions"}],"predecessor-version":[{"id":5912,"href":"https:\/\/bilgikozasi.com.tr\/en\/wp-json\/wp\/v2\/pages\/4987\/revisions\/5912"}],"wp:attachment":[{"href":"https:\/\/bilgikozasi.com.tr\/en\/wp-json\/wp\/v2\/media?parent=4987"}],"curies":[{"name":"wp","href":"https:\/\/api.w.org\/{rel}","templated":true}]}}