{"id":5004,"date":"2025-11-03T15:07:40","date_gmt":"2025-11-03T12:07:40","guid":{"rendered":"https:\/\/bilgikozasi.com.tr\/?page_id=5004"},"modified":"2026-01-28T14:50:53","modified_gmt":"2026-01-28T11:50:53","slug":"programlarimiz","status":"publish","type":"page","link":"https:\/\/bilgikozasi.com.tr\/en\/programlarimiz\/","title":{"rendered":"Our Programs"},"content":{"rendered":"<div class=\"wpb-content-wrapper\"><div class=\"vc_row wpb_row vc_row-fluid\"><div class=\"wpb_column vc_column_container vc_col-sm-12\"><div class=\"vc_column-inner\"><div class=\"wpb_wrapper\"><div class=\"vc_empty_space\"   style=\"height: 75px\"><span class=\"vc_empty_space_inner\"><\/span><\/div><h2 style=\"font-size: 45px;color: #57228E;text-align: center\" class=\"vc_custom_heading vc_do_custom_heading\" >Inquiry-Based Program<\/h2><div class=\"vc_empty_space\"   style=\"height: 35px\"><span class=\"vc_empty_space_inner\"><\/span><\/div>\n\t<div class=\"wpb_text_column wpb_content_element\" >\n\t\t<div class=\"wpb_wrapper\">\n\t\t\t<p><span style=\"font-weight: 400; color: #000000;\">The foundation of our program is to support and nurture children\u2019s natural curiosity; we achieve this through enriched learning experiences that foster their physical, social-emotional, and cognitive development.<\/span><\/p>\n<p data-pm-slice=\"1 1 &#091;&#093;\"><span style=\"color: #000000;\">Our learning journey brings together holistic development, an inquiry-based, play-based approach, nature adaptation skills, and a bilingual education model.<\/span><\/p>\n\n\t\t<\/div>\n\t<\/div>\n<\/div><\/div><\/div><\/div><div class=\"vc_row wpb_row vc_row-fluid\"><div class=\"wpb_column vc_column_container vc_col-sm-6\"><div class=\"vc_column-inner\"><div class=\"wpb_wrapper\">\n\t<div class=\"wpb_text_column wpb_content_element\" >\n\t\t<div class=\"wpb_wrapper\">\n\t\t\t<h4><span style=\"color: #ff9900;\"><b>Inquiry-Based Program\u00a0<\/b><\/span><\/h4>\n<p><span style=\"color: #000000;\"><span style=\"font-weight: 400;\">We create engaging learning scenarios and carry out learning within these experiences. The teacher is a supportive guide who plans the environment and accompanies the child on their learning journey.<\/span><span style=\"font-weight: 400;\"><br \/>\n<\/span><span style=\"font-weight: 400;\">Children do not merely receive information; they ask questions, explore, experiment, and arrive at their own conclusions.<\/span><\/span><br \/>\n<span style=\"color: #000000;\"><span style=\"font-weight: 400;\">Our program is built around four main pillars:<\/span><span style=\"font-weight: 400;\"><br \/>\n<\/span><b>\u201c\u2018Me and My Social World,\u2019 \u2018The World I Live In and Animals,\u2019 and \u2018Place, Time, and Transportation.\u2019\u201d<\/b><span style=\"font-weight: 400;\"> and <\/span><b>\u201c\u2018Protecting the Planet.\u2019\u201d<\/b><span style=\"font-weight: 400;\"><br \/>\n<\/span><span style=\"font-weight: 400;\">Each theme is enriched with age-appropriate inquiry topics.<\/span><\/span><\/p>\n\n\t\t<\/div>\n\t<\/div>\n<\/div><\/div><\/div><div class=\"wpb_column vc_column_container vc_col-sm-6\"><div class=\"vc_column-inner\"><div class=\"wpb_wrapper\"><div class=\"wpb_images_carousel wpb_content_element vc_clearfix wpb_content_element\"><div class=\"wpb_wrapper\"><div id=\"vc_images-carousel-1-1776351596\" data-ride=\"vc_carousel\" data-wrap=\"true\" style=\"width: 500px;\" data-interval=\"2000\" data-auto-height=\"yes\" data-mode=\"horizontal\" data-partial=\"false\" data-per-view=\"1\" data-hide-on-end=\"false\" class=\"vc_slide vc_images_carousel\"><ol class=\"vc_carousel-indicators\"><li data-target=\"#vc_images-carousel-1-1776351596\" data-slide-to=\"0\"><\/li><li data-target=\"#vc_images-carousel-1-1776351596\" data-slide-to=\"1\"><\/li><li data-target=\"#vc_images-carousel-1-1776351596\" data-slide-to=\"2\"><\/li><li data-target=\"#vc_images-carousel-1-1776351596\" data-slide-to=\"3\"><\/li><li data-target=\"#vc_images-carousel-1-1776351596\" data-slide-to=\"4\"><\/li><li data-target=\"#vc_images-carousel-1-1776351596\" data-slide-to=\"5\"><\/li><li data-target=\"#vc_images-carousel-1-1776351596\" data-slide-to=\"6\"><\/li><li data-target=\"#vc_images-carousel-1-1776351596\" data-slide-to=\"7\"><\/li><\/ol><div class=\"vc_carousel-inner\"><div class=\"vc_carousel-slideline\"><div class=\"vc_carousel-slideline-inner\"><div class=\"vc_item\"><div class=\"vc_inner\"><a class=\"\" href=\"https:\/\/bilgikozasi.com.tr\/wp-content\/uploads\/2025\/11\/OO_0395-1024x683.webp\" data-lightbox=\"lightbox[rel-5004-764635991]\"><img decoding=\"async\" class=\"\" src=\"https:\/\/bilgikozasi.com.tr\/wp-content\/uploads\/2025\/11\/OO_0395-500x500.webp\" width=\"500\" height=\"500\" alt=\"_OO_0395\" title=\"_OO_0395\" loading=\"lazy\" \/><\/a><\/div><\/div><div class=\"vc_item\"><div class=\"vc_inner\"><a class=\"\" href=\"https:\/\/bilgikozasi.com.tr\/wp-content\/uploads\/2025\/11\/OO_0383-1-1024x683.webp\" data-lightbox=\"lightbox[rel-5004-764635991]\"><img decoding=\"async\" class=\"\" src=\"https:\/\/bilgikozasi.com.tr\/wp-content\/uploads\/2025\/11\/OO_0383-1-500x500.webp\" width=\"500\" height=\"500\" alt=\"_OO_0383\" title=\"_OO_0383\" loading=\"lazy\" \/><\/a><\/div><\/div><div class=\"vc_item\"><div class=\"vc_inner\"><a class=\"\" href=\"https:\/\/bilgikozasi.com.tr\/wp-content\/uploads\/2025\/11\/OO_0299-1024x683.webp\" data-lightbox=\"lightbox[rel-5004-764635991]\"><img decoding=\"async\" class=\"\" src=\"https:\/\/bilgikozasi.com.tr\/wp-content\/uploads\/2025\/11\/OO_0299-500x500.webp\" width=\"500\" height=\"500\" alt=\"_OO_0299\" title=\"_OO_0299\" loading=\"lazy\" \/><\/a><\/div><\/div><div class=\"vc_item\"><div class=\"vc_inner\"><a class=\"\" href=\"https:\/\/bilgikozasi.com.tr\/wp-content\/uploads\/2025\/11\/OO_0238-1024x683.webp\" data-lightbox=\"lightbox[rel-5004-764635991]\"><img decoding=\"async\" class=\"\" src=\"https:\/\/bilgikozasi.com.tr\/wp-content\/uploads\/2025\/11\/OO_0238-500x500.webp\" width=\"500\" height=\"500\" alt=\"_OO_0238\" title=\"_OO_0238\" loading=\"lazy\" \/><\/a><\/div><\/div><div class=\"vc_item\"><div class=\"vc_inner\"><a class=\"\" href=\"https:\/\/bilgikozasi.com.tr\/wp-content\/uploads\/2025\/11\/OO_0339-1024x683.webp\" data-lightbox=\"lightbox[rel-5004-764635991]\"><img decoding=\"async\" class=\"\" src=\"https:\/\/bilgikozasi.com.tr\/wp-content\/uploads\/2025\/11\/OO_0339-500x500.webp\" width=\"500\" height=\"500\" alt=\"_OO_0339\" title=\"_OO_0339\" loading=\"lazy\" \/><\/a><\/div><\/div><div class=\"vc_item\"><div class=\"vc_inner\"><a class=\"\" href=\"https:\/\/bilgikozasi.com.tr\/wp-content\/uploads\/2025\/11\/OO_0078-683x1024.webp\" data-lightbox=\"lightbox[rel-5004-764635991]\"><img decoding=\"async\" class=\"\" src=\"https:\/\/bilgikozasi.com.tr\/wp-content\/uploads\/2025\/11\/OO_0078-500x500.webp\" width=\"500\" height=\"500\" alt=\"_OO_0078\" title=\"_OO_0078\" loading=\"lazy\" \/><\/a><\/div><\/div><div class=\"vc_item\"><div class=\"vc_inner\"><a class=\"\" href=\"https:\/\/bilgikozasi.com.tr\/wp-content\/uploads\/2025\/11\/OO_0171-1024x683.webp\" data-lightbox=\"lightbox[rel-5004-764635991]\"><img decoding=\"async\" class=\"\" src=\"https:\/\/bilgikozasi.com.tr\/wp-content\/uploads\/2025\/11\/OO_0171-500x500.webp\" width=\"500\" height=\"500\" alt=\"_OO_0171\" title=\"_OO_0171\" loading=\"lazy\" \/><\/a><\/div><\/div><div class=\"vc_item\"><div class=\"vc_inner\"><a class=\"\" href=\"https:\/\/bilgikozasi.com.tr\/wp-content\/uploads\/2025\/11\/OO_0398-1-1024x683.webp\" data-lightbox=\"lightbox[rel-5004-764635991]\"><img decoding=\"async\" class=\"\" src=\"https:\/\/bilgikozasi.com.tr\/wp-content\/uploads\/2025\/11\/OO_0398-1-500x500.webp\" width=\"500\" height=\"500\" alt=\"_OO_0398\" title=\"_OO_0398\" loading=\"lazy\" \/><\/a><\/div><\/div><\/div><\/div><\/div><a class=\"vc_left vc_carousel-control\" href=\"#vc_images-carousel-1-1776351596\" data-slide=\"prev\"><span class=\"icon-prev\"><\/span><\/a><a class=\"vc_right vc_carousel-control\" href=\"#vc_images-carousel-1-1776351596\" data-slide=\"next\"><span class=\"icon-next\"><\/span><\/a><\/div><\/div><\/div><\/div><\/div><\/div><\/div><div class=\"vc_row wpb_row vc_row-fluid\"><div class=\"wpb_column vc_column_container vc_col-sm-12\"><div class=\"vc_column-inner\"><div class=\"wpb_wrapper\">\n<div class=\"vc_grid-container-wrapper vc_clearfix vc_grid-animation-fadeIn\">\n\t<div class=\"vc_grid-container vc_clearfix wpb_content_element vc_media_grid\" data-initial-loading-animation=\"fadeIn\" data-vc-grid-settings=\"{&quot;page_id&quot;:5004,&quot;style&quot;:&quot;all&quot;,&quot;action&quot;:&quot;vc_get_vc_grid_data&quot;,&quot;shortcode_id&quot;:&quot;1769600927296-fcb60d88-fe52-9&quot;,&quot;tag&quot;:&quot;vc_media_grid&quot;}\" data-vc-request=\"https:\/\/bilgikozasi.com.tr\/wp-admin\/admin-ajax.php\" data-vc-post-id=\"5004\" data-vc-public-nonce=\"70e4ed9ca2\">\n\t\t\n\t<\/div>\n<\/div><\/div><\/div><\/div><\/div>\n<\/div>","protected":false},"excerpt":{"rendered":"Sorgulamaya Dayal\u0131 Program Program\u0131m\u0131z\u0131n temeli, \u00e7ocuklar\u0131n i\u00e7ten gelen merak\u0131n\u0131 desteklemek ve geli\u015ftirmektir; bu hedefi fiziksel, sosyal-duygusal ve zihinsel geli\u015fimlerini besleyen zenginle\u015ftirilmi\u015f \u00f6\u011frenme deneyimleriyle ger\u00e7ekle\u015ftiriyoruz. \u00d6\u011frenme yolculu\u011fumuz; b\u00fct\u00fcnsel geli\u015fimi, sorgulamaya dayal\u0131 oyun temelli yakla\u015f\u0131m\u0131, do\u011faya uyumlanma becerilerini ve \u00e7ift dilli e\u011fitim modelini bir araya getirir. Sorgulamaya Dayal\u0131 Program\u00a0 \u0130lgi yaratacak sahneleri olu\u015fturur, \u00f6\u011frenmeyi bu sahnelerin i\u00e7inde [...]","protected":false},"author":1,"featured_media":0,"parent":0,"menu_order":0,"comment_status":"closed","ping_status":"closed","template":"","meta":{"footnotes":""},"class_list":["post-5004","page","type-page","status-publish","hentry"],"_links":{"self":[{"href":"https:\/\/bilgikozasi.com.tr\/en\/wp-json\/wp\/v2\/pages\/5004","targetHints":{"allow":["GET"]}}],"collection":[{"href":"https:\/\/bilgikozasi.com.tr\/en\/wp-json\/wp\/v2\/pages"}],"about":[{"href":"https:\/\/bilgikozasi.com.tr\/en\/wp-json\/wp\/v2\/types\/page"}],"author":[{"embeddable":true,"href":"https:\/\/bilgikozasi.com.tr\/en\/wp-json\/wp\/v2\/users\/1"}],"replies":[{"embeddable":true,"href":"https:\/\/bilgikozasi.com.tr\/en\/wp-json\/wp\/v2\/comments?post=5004"}],"version-history":[{"count":15,"href":"https:\/\/bilgikozasi.com.tr\/en\/wp-json\/wp\/v2\/pages\/5004\/revisions"}],"predecessor-version":[{"id":5626,"href":"https:\/\/bilgikozasi.com.tr\/en\/wp-json\/wp\/v2\/pages\/5004\/revisions\/5626"}],"wp:attachment":[{"href":"https:\/\/bilgikozasi.com.tr\/en\/wp-json\/wp\/v2\/media?parent=5004"}],"curies":[{"name":"wp","href":"https:\/\/api.w.org\/{rel}","templated":true}]}}