{"id":5032,"date":"2025-11-03T15:25:21","date_gmt":"2025-11-03T12:25:21","guid":{"rendered":"https:\/\/bilgikozasi.com.tr\/?page_id=5032"},"modified":"2026-02-06T09:01:12","modified_gmt":"2026-02-06T06:01:12","slug":"ben-ve-sosyal-cevrem","status":"publish","type":"page","link":"https:\/\/bilgikozasi.com.tr\/en\/ben-ve-sosyal-cevrem\/","title":{"rendered":"Inquiry-Based Program"},"content":{"rendered":"<div class=\"wpb-content-wrapper\"><div data-vc-full-width=\"true\" data-vc-full-width-temp=\"true\" data-vc-full-width-init=\"false\" class=\"vc_row wpb_row vc_row-fluid vc_custom_1770357652326 vc_row-has-fill\"><div class=\"wpb_column vc_column_container vc_col-sm-12 vc_col-has-fill\"><div class=\"vc_column-inner vc_custom_1770140870264\"><div class=\"wpb_wrapper\"><h2 class=\"stm-title stm-title_sep_bottom\" style=\"text-align:center;margin-bottom:28px;color:#57228E\">\n\nInquiry-Based Program\n<\/h2>\n\t<div class=\"stm-separator stm-clearfix stm-separator_type_title\" >\n\t\t<div class=\"stm-separator__line stm-border-b_color_lilac\" style=\"margin-left:auto;margin-right:auto\"><\/div>\n\t<\/div>\n\n\t<div class=\"wpb_text_column wpb_content_element\" >\n\t\t<div class=\"wpb_wrapper\">\n\t\t\t<p>\u0130lgi yaratacak sahneleri olu\u015fturur, \u00f6\u011frenmeyi bu sahnelerin i\u00e7inde ger\u00e7ekle\u015ftiririz. \u00d6\u011fretmen ortam\u0131 planlayan \u00e7ocu\u011fun yolculu\u011funa rehberlik eden bir destek\u00e7idir. \u00c7ocuklar sadece bilgi almaz; soru sorar, ara\u015ft\u0131r\u0131r, dener ve kendi sonu\u00e7lar\u0131na ula\u015f\u0131r.<\/p>\n<p>Our program is built around four main pillars:<br \/>\n\u201cBen ve Sosyal \u00c7evrem\u201d, \u201cYa\u015fad\u0131\u011f\u0131m D\u00fcnya ve Hayvanlar\u201d, \u201cYer, Zaman ve Ta\u015f\u0131tlar\u201d ve \u201cGezegeni Korumak.\u201d<br \/>\nEach theme is enriched with age-appropriate inquiry topics.<\/p>\n\n\t\t<\/div>\n\t<\/div>\n<div class=\"vc_empty_space\"   style=\"height: 12px\"><span class=\"vc_empty_space_inner\"><\/span><\/div><\/div><\/div><\/div><\/div><div class=\"vc_row-full-width vc_clearfix\"><\/div><div data-vc-full-width=\"true\" data-vc-full-width-temp=\"true\" data-vc-full-width-init=\"false\" class=\"vc_row wpb_row vc_row-fluid vc_custom_1762173114075 vc_row-has-fill vc_row-o-equal-height vc_row-o-content-middle vc_row-flex\"><div class=\"wpb_column vc_column_container vc_col-sm-6 vc_col-lg-6 vc_col-md-6 vc_hidden-md vc_hidden-sm vc_hidden-xs\"><div class=\"vc_column-inner vc_custom_1769768417408\"><div class=\"wpb_wrapper\">\n\t<div class=\"wpb_text_column wpb_content_element\" >\n\t\t<div class=\"wpb_wrapper\">\n\t\t\t<p><strong>1.Ben ve Sosyal \u00c7evrem<\/strong><\/p>\n<p>Supports children in getting to know themselves, their families, and the people around them.<\/p>\n<ul>\n<li><strong>2 Ya\u015f:<\/strong> Benim ve arkada\u015flar\u0131m\u0131n fiziksel \u00f6zellikleri; ailemiz.<\/li>\n<li><strong>3 Ya\u015f:<\/strong> Canl\u0131lar\u0131n ortak fiziksel \u00f6zellikleri olsa da bireysel farkl\u0131l\u0131klar bizi benzersiz k\u0131lar.<\/li>\n<li><strong>4 Ya\u015f:<\/strong> B\u00fcy\u00fcd\u00fck\u00e7e kendimi daha iyi tan\u0131r, bedenimle neler yapabilece\u011fimi ke\u015ffederim.<\/li>\n<\/ul>\n\n\t\t<\/div>\n\t<\/div>\n<\/div><\/div><\/div><div class=\"wpb_column vc_column_container vc_col-sm-12 vc_col-lg-6 vc_col-md-12\"><div class=\"vc_column-inner vc_custom_1475230863115\"><div class=\"wpb_wrapper\"><div class=\"wpb_gallery wpb_content_element vc_clearfix vc_custom_1770140734385 wpb_content_element\" ><div class=\"wpb_wrapper\"><div class=\"wpb_gallery_slides wpb_flexslider flexslider_slide flexslider\" data-interval=\"3\" data-flex_fx=\"slide\"><ul class=\"slides\"><li><img decoding=\"async\" class=\"\" src=\"https:\/\/bilgikozasi.com.tr\/wp-content\/uploads\/2025\/11\/OO_0171-760x500.webp\" width=\"760\" height=\"500\" alt=\"_OO_0171\" title=\"_OO_0171\" loading=\"lazy\" \/><\/li><li><img decoding=\"async\" class=\"\" src=\"https:\/\/bilgikozasi.com.tr\/wp-content\/uploads\/2025\/11\/OO_0238-760x500.webp\" width=\"760\" height=\"500\" alt=\"_OO_0238\" title=\"_OO_0238\" loading=\"lazy\" \/><\/li><li><img decoding=\"async\" class=\"\" src=\"https:\/\/bilgikozasi.com.tr\/wp-content\/uploads\/2025\/11\/OO_0339-760x500.webp\" width=\"760\" height=\"500\" alt=\"_OO_0339\" title=\"_OO_0339\" loading=\"lazy\" \/><\/li><li><img decoding=\"async\" class=\"\" src=\"https:\/\/bilgikozasi.com.tr\/wp-content\/uploads\/2025\/11\/OO_0383-1-760x500.webp\" width=\"760\" height=\"500\" alt=\"_OO_0383\" title=\"_OO_0383\" loading=\"lazy\" \/><\/li><li><img decoding=\"async\" class=\"\" src=\"https:\/\/bilgikozasi.com.tr\/wp-content\/uploads\/2025\/11\/OO_0395-760x500.webp\" width=\"760\" height=\"500\" alt=\"_OO_0395\" title=\"_OO_0395\" loading=\"lazy\" \/><\/li><li><img decoding=\"async\" class=\"\" src=\"https:\/\/bilgikozasi.com.tr\/wp-content\/uploads\/2025\/11\/OO_0078-760x500.webp\" width=\"760\" height=\"500\" alt=\"_OO_0078\" title=\"_OO_0078\" loading=\"lazy\" \/><\/li><\/ul><\/div><\/div><\/div><\/div><\/div><\/div><\/div><div class=\"vc_row-full-width vc_clearfix\"><\/div><div data-vc-full-width=\"true\" data-vc-full-width-temp=\"true\" data-vc-full-width-init=\"false\" class=\"vc_row wpb_row vc_row-fluid vc_custom_1762173114075 vc_row-has-fill vc_row-o-equal-height vc_row-o-content-middle vc_row-flex\"><div class=\"wpb_column vc_column_container vc_col-sm-6 vc_col-lg-6 vc_col-md-6 vc_hidden-md vc_hidden-sm vc_hidden-xs\"><div class=\"vc_column-inner vc_custom_1769768417408\"><div class=\"wpb_wrapper\"><div class=\"wpb_gallery wpb_content_element vc_clearfix vc_custom_1770140598276 wpb_content_element\" ><div class=\"wpb_wrapper\"><div class=\"wpb_gallery_slides wpb_flexslider flexslider_slide flexslider\" data-interval=\"3\" data-flex_fx=\"slide\"><ul class=\"slides\"><li><img decoding=\"async\" class=\"\" src=\"https:\/\/bilgikozasi.com.tr\/wp-content\/uploads\/2025\/11\/OO_0145-760x500.webp\" width=\"760\" height=\"500\" alt=\"_OO_0145\" title=\"_OO_0145\" loading=\"lazy\" \/><\/li><li><img decoding=\"async\" class=\"\" src=\"https:\/\/bilgikozasi.com.tr\/wp-content\/uploads\/2025\/11\/OO_0179-760x500.webp\" width=\"760\" height=\"500\" alt=\"_OO_0179\" title=\"_OO_0179\" loading=\"lazy\" \/><\/li><li><img decoding=\"async\" class=\"\" src=\"https:\/\/bilgikozasi.com.tr\/wp-content\/uploads\/2025\/11\/OO_0189-760x500.webp\" width=\"760\" height=\"500\" alt=\"_OO_0189\" title=\"_OO_0189\" loading=\"lazy\" \/><\/li><li><img decoding=\"async\" class=\"\" src=\"https:\/\/bilgikozasi.com.tr\/wp-content\/uploads\/2025\/11\/OO_0227-760x500.webp\" width=\"760\" height=\"500\" alt=\"_OO_0227\" title=\"_OO_0227\" loading=\"lazy\" \/><\/li><li><img decoding=\"async\" class=\"\" src=\"https:\/\/bilgikozasi.com.tr\/wp-content\/uploads\/2025\/11\/OO_0314-760x500.webp\" width=\"760\" height=\"500\" alt=\"_OO_0314\" title=\"_OO_0314\" loading=\"lazy\" \/><\/li><li><img decoding=\"async\" class=\"\" src=\"https:\/\/bilgikozasi.com.tr\/wp-content\/uploads\/2025\/11\/OO_0376-760x500.webp\" width=\"760\" height=\"500\" alt=\"_OO_0376\" title=\"_OO_0376\" loading=\"lazy\" \/><\/li><li><img decoding=\"async\" class=\"\" src=\"https:\/\/bilgikozasi.com.tr\/wp-content\/uploads\/2025\/11\/OO_0390-760x500.webp\" width=\"760\" height=\"500\" alt=\"_OO_0390\" title=\"_OO_0390\" loading=\"lazy\" \/><\/li><li><\/li><\/ul><\/div><\/div><\/div><\/div><\/div><\/div><div class=\"wpb_column vc_column_container vc_col-sm-12 vc_col-lg-6 vc_col-md-12\"><div class=\"vc_column-inner vc_custom_1475230863115\"><div class=\"wpb_wrapper\">\n\t<div class=\"wpb_text_column wpb_content_element\" >\n\t\t<div class=\"wpb_wrapper\">\n\t\t\t<p><strong>2.Ya\u015fad\u0131\u011f\u0131m D\u00fcnya ve Hayvanlar<\/strong><\/p>\n<p>Aims to develop children\u2019s awareness and sensitivity toward nature, animals, and the environment.<\/p>\n<ul>\n<li><strong>2 Ya\u015f:<\/strong> \u00c7evremizdeki hayvanlar\u0131n farkl\u0131 \u00f6zellikleri vard\u0131r.<\/li>\n<li><strong>3 Ya\u015f:<\/strong> Yery\u00fcz\u00fcndeki canl\u0131lar farkl\u0131 ya\u015fam alanlar\u0131na sahiptir.<\/li>\n<li><strong>4 Ya\u015f:<\/strong> T\u00fcm canl\u0131lar\u0131n kendine \u00f6zg\u00fc ya\u015fam d\u00f6ng\u00fcleri vard\u0131r.<\/li>\n<\/ul>\n\n\t\t<\/div>\n\t<\/div>\n<\/div><\/div><\/div><\/div><div class=\"vc_row-full-width vc_clearfix\"><\/div><div data-vc-full-width=\"true\" data-vc-full-width-temp=\"true\" data-vc-full-width-init=\"false\" class=\"vc_row wpb_row vc_row-fluid vc_custom_1762173114075 vc_row-has-fill vc_row-o-equal-height vc_row-o-content-middle vc_row-flex\"><div class=\"wpb_column vc_column_container vc_col-sm-6 vc_col-lg-6 vc_col-md-6 vc_hidden-md vc_hidden-sm vc_hidden-xs\"><div class=\"vc_column-inner vc_custom_1769768417408\"><div class=\"wpb_wrapper\">\n\t<div class=\"wpb_text_column wpb_content_element\" >\n\t\t<div class=\"wpb_wrapper\">\n\t\t\t<p><strong>3.Yer, Zaman ve Ta\u015f\u0131tlar<\/strong><\/p>\n<p>Helps children explore their surroundings, understand the past, and recognize change.<\/p>\n<ul>\n<li><strong>2 Ya\u015f:<\/strong> \u00c7evremizdeki ta\u015f\u0131tlar\u0131n farkl\u0131 \u00f6zellikleri vard\u0131r.<\/li>\n<li><strong>3 Ya\u015f:<\/strong> \u0130nsanlar, yeni yerler ve canl\u0131lar\u0131 tan\u0131mak i\u00e7in farkl\u0131 ta\u015f\u0131tlar kullanarak seyahat ederler.<\/li>\n<li><strong>4 Ya\u015f:<\/strong> \u0130nsanlar\u0131n ya\u015fam bi\u00e7imleri ve al\u0131\u015fkanl\u0131klar\u0131 zamanla de\u011fi\u015fir.<\/li>\n<\/ul>\n<p>.<\/p>\n\n\t\t<\/div>\n\t<\/div>\n<\/div><\/div><\/div><div class=\"wpb_column vc_column_container vc_col-sm-12 vc_col-lg-6 vc_col-md-12\"><div class=\"vc_column-inner vc_custom_1475230863115\"><div class=\"wpb_wrapper\"><div class=\"wpb_gallery wpb_content_element vc_clearfix vc_custom_1770140461424 wpb_content_element\" ><div class=\"wpb_wrapper\"><div class=\"wpb_gallery_slides wpb_flexslider flexslider_slide flexslider\" data-interval=\"3\" data-flex_fx=\"slide\"><ul class=\"slides\"><li><img decoding=\"async\" class=\"\" src=\"https:\/\/bilgikozasi.com.tr\/wp-content\/uploads\/2025\/11\/OO_0079-760x500.webp\" width=\"760\" height=\"500\" alt=\"_OO_0079\" title=\"_OO_0079\" loading=\"lazy\" \/><\/li><li><img decoding=\"async\" class=\"\" src=\"https:\/\/bilgikozasi.com.tr\/wp-content\/uploads\/2025\/11\/OO_0141-760x500.webp\" width=\"760\" height=\"500\" alt=\"_OO_0141\" title=\"_OO_0141\" loading=\"lazy\" \/><\/li><li><img decoding=\"async\" class=\"\" src=\"https:\/\/bilgikozasi.com.tr\/wp-content\/uploads\/2025\/11\/OO_0259-760x500.webp\" width=\"760\" height=\"500\" alt=\"_OO_0259\" title=\"_OO_0259\" loading=\"lazy\" \/><\/li><li><img decoding=\"async\" class=\"\" src=\"https:\/\/bilgikozasi.com.tr\/wp-content\/uploads\/2025\/11\/OO_0328-760x500.webp\" width=\"760\" height=\"500\" alt=\"_OO_0328\" title=\"_OO_0328\" loading=\"lazy\" \/><\/li><li><img decoding=\"async\" class=\"\" src=\"https:\/\/bilgikozasi.com.tr\/wp-content\/uploads\/2025\/11\/OO_0451-760x500.webp\" width=\"760\" height=\"500\" alt=\"_OO_0451\" title=\"_OO_0451\" loading=\"lazy\" \/><\/li><li><img decoding=\"async\" class=\"\" src=\"https:\/\/bilgikozasi.com.tr\/wp-content\/uploads\/2025\/11\/OO_0454-760x500.webp\" width=\"760\" height=\"500\" alt=\"_OO_0454\" title=\"_OO_0454\" loading=\"lazy\" \/><\/li><\/ul><\/div><\/div><\/div><\/div><\/div><\/div><\/div><div class=\"vc_row-full-width vc_clearfix\"><\/div><div data-vc-full-width=\"true\" data-vc-full-width-temp=\"true\" data-vc-full-width-init=\"false\" class=\"vc_row wpb_row vc_row-fluid vc_custom_1762173114075 vc_row-has-fill vc_row-o-equal-height vc_row-o-content-middle vc_row-flex\"><div class=\"wpb_column vc_column_container vc_col-sm-6 vc_col-lg-6 vc_col-md-6 vc_hidden-md vc_hidden-sm vc_hidden-xs\"><div class=\"vc_column-inner vc_custom_1769768417408\"><div class=\"wpb_wrapper\"><div class=\"wpb_gallery wpb_content_element vc_clearfix vc_custom_1770140249170 wpb_content_element\" ><div class=\"wpb_wrapper\"><div class=\"wpb_gallery_slides wpb_flexslider flexslider_slide flexslider\" data-interval=\"3\" data-flex_fx=\"slide\"><ul class=\"slides\"><li><img decoding=\"async\" class=\"\" src=\"https:\/\/bilgikozasi.com.tr\/wp-content\/uploads\/2026\/01\/OO_0100-760x500.jpg\" width=\"760\" height=\"500\" alt=\"_OO_0100\" title=\"_OO_0100\" loading=\"lazy\" \/><\/li><li><img decoding=\"async\" class=\"\" src=\"https:\/\/bilgikozasi.com.tr\/wp-content\/uploads\/2026\/01\/OO_0151-760x500.jpg\" width=\"760\" height=\"500\" alt=\"_OO_0151\" title=\"_OO_0151\" loading=\"lazy\" \/><\/li><li><img decoding=\"async\" class=\"\" src=\"https:\/\/bilgikozasi.com.tr\/wp-content\/uploads\/2026\/01\/OO_0177-760x500.jpg\" width=\"760\" height=\"500\" alt=\"_OO_0177\" title=\"_OO_0177\" loading=\"lazy\" \/><\/li><li><img decoding=\"async\" class=\"\" src=\"https:\/\/bilgikozasi.com.tr\/wp-content\/uploads\/2026\/01\/OO_0191-760x500.jpg\" width=\"760\" height=\"500\" alt=\"_OO_0191\" title=\"_OO_0191\" loading=\"lazy\" \/><\/li><li><img decoding=\"async\" class=\"\" src=\"https:\/\/bilgikozasi.com.tr\/wp-content\/uploads\/2026\/01\/OO_0198-760x500.jpg\" width=\"760\" height=\"500\" alt=\"_OO_0198\" title=\"_OO_0198\" loading=\"lazy\" \/><\/li><li><img decoding=\"async\" class=\"\" src=\"https:\/\/bilgikozasi.com.tr\/wp-content\/uploads\/2026\/01\/OO_0351-760x500.jpg\" width=\"760\" height=\"500\" alt=\"_OO_0351\" title=\"_OO_0351\" loading=\"lazy\" \/><\/li><li><img decoding=\"async\" class=\"\" src=\"https:\/\/bilgikozasi.com.tr\/wp-content\/uploads\/2026\/01\/OO_0434-760x500.jpg\" width=\"760\" height=\"500\" alt=\"_OO_0434\" title=\"_OO_0434\" loading=\"lazy\" \/><\/li><\/ul><\/div><\/div><\/div><\/div><\/div><\/div><div class=\"wpb_column vc_column_container vc_col-sm-12 vc_col-lg-6 vc_col-md-12\"><div class=\"vc_column-inner vc_custom_1475230863115\"><div class=\"wpb_wrapper\">\n\t<div class=\"wpb_text_column wpb_content_element vc_custom_1770140280554\" >\n\t\t<div class=\"wpb_wrapper\">\n\t\t\t<p><strong>\u00a04.Gezegenimiz ve Bitkiler<\/strong><\/p>\n<p>\u00c7ocuklar\u0131n do\u011fan\u0131n i\u015fleyi\u015fini, bitkilerin ya\u015fam d\u00f6ng\u00fcs\u00fcn\u00fc ve gezegenin s\u00fcrd\u00fcr\u00fclebilirli\u011fi i\u00e7in sorumluluklar\u0131m\u0131z\u0131 kavramalar\u0131n\u0131 sa\u011flar.<\/p>\n<ul>\n<li><strong>2 Ya\u015f:<\/strong> \u00c7evremizdeki bitkilerin, a\u011fa\u00e7lar\u0131n ve meyvelerin dokular\u0131, kokular\u0131 ve renkleri birbirinden farkl\u0131d\u0131r.<\/li>\n<li><strong>3 Ya\u015f:<\/strong> Bitkiler canl\u0131 varl\u0131klard\u0131r; b\u00fcy\u00fcmek ve sa\u011fl\u0131kl\u0131 kalmak i\u00e7in suya, g\u00fcne\u015fe ve topra\u011fa ihtiya\u00e7 duyarlar.<\/li>\n<li><strong>4 Ya\u015f:<\/strong> Bitkiler yery\u00fcz\u00fcndeki ya\u015fam\u0131n devaml\u0131l\u0131\u011f\u0131 i\u00e7in gereklidir ve insanlar ya\u015famlar\u0131n\u0131 s\u00fcrd\u00fcrmek i\u00e7in do\u011fadan yararlan\u0131rlar.<\/li>\n<\/ul>\n<p>Bu yakla\u015f\u0131m sayesinde \u00e7ocuklar\u0131m\u0131z, d\u00fcnyay\u0131 anlamland\u0131r\u0131rken <strong>kendi \u00f6\u011frenme yollar\u0131n\u0131 bulur<\/strong>, <strong>sorgular, dener ve ke\u015ffeder.<\/strong><\/p>\n\n\t\t<\/div>\n\t<\/div>\n<\/div><\/div><\/div><\/div><div class=\"vc_row-full-width vc_clearfix\"><\/div><div class=\"vc_row wpb_row vc_row-fluid\"><div class=\"wpb_column vc_column_container vc_col-sm-12\"><div class=\"vc_column-inner\"><div class=\"wpb_wrapper\">\n\t<div class=\"wpb_text_column wpb_content_element\" >\n\t\t<div class=\"wpb_wrapper\">\n\t\t\t<p>&nbsp;<\/p>\n<p>&nbsp;<\/p>\n\n\t\t<\/div>\n\t<\/div>\n<\/div><\/div><\/div><\/div><div class=\"vc_row wpb_row vc_row-fluid\"><div class=\"wpb_column vc_column_container vc_col-sm-12\"><div class=\"vc_column-inner\"><div class=\"wpb_wrapper\"><div class=\"vc_empty_space\"   style=\"height: 50px\"><span class=\"vc_empty_space_inner\"><\/span><\/div><\/div><\/div><\/div><\/div>\n<\/div>","protected":false},"excerpt":{"rendered":"Sorgulamaya Dayal\u0131 Program \u0130lgi yaratacak sahneleri olu\u015fturur, \u00f6\u011frenmeyi bu sahnelerin i\u00e7inde ger\u00e7ekle\u015ftiririz. \u00d6\u011fretmen ortam\u0131 planlayan \u00e7ocu\u011fun yolculu\u011funa rehberlik eden bir destek\u00e7idir. \u00c7ocuklar sadece bilgi almaz; soru sorar, ara\u015ft\u0131r\u0131r, dener ve kendi sonu\u00e7lar\u0131na ula\u015f\u0131r. Program\u0131m\u0131z d\u00f6rt ana ba\u015fl\u0131k \u00fczerine kuruludur: \u201cBen ve Sosyal \u00c7evrem\u201d, \u201cYa\u015fad\u0131\u011f\u0131m D\u00fcnya ve Hayvanlar\u201d, \u201cYer, Zaman ve Ta\u015f\u0131tlar\u201d ve \u201cGezegeni Korumak.\u201d Her [...]","protected":false},"author":1,"featured_media":0,"parent":0,"menu_order":0,"comment_status":"closed","ping_status":"closed","template":"","meta":{"footnotes":""},"class_list":["post-5032","page","type-page","status-publish","hentry"],"_links":{"self":[{"href":"https:\/\/bilgikozasi.com.tr\/en\/wp-json\/wp\/v2\/pages\/5032","targetHints":{"allow":["GET"]}}],"collection":[{"href":"https:\/\/bilgikozasi.com.tr\/en\/wp-json\/wp\/v2\/pages"}],"about":[{"href":"https:\/\/bilgikozasi.com.tr\/en\/wp-json\/wp\/v2\/types\/page"}],"author":[{"embeddable":true,"href":"https:\/\/bilgikozasi.com.tr\/en\/wp-json\/wp\/v2\/users\/1"}],"replies":[{"embeddable":true,"href":"https:\/\/bilgikozasi.com.tr\/en\/wp-json\/wp\/v2\/comments?post=5032"}],"version-history":[{"count":48,"href":"https:\/\/bilgikozasi.com.tr\/en\/wp-json\/wp\/v2\/pages\/5032\/revisions"}],"predecessor-version":[{"id":5899,"href":"https:\/\/bilgikozasi.com.tr\/en\/wp-json\/wp\/v2\/pages\/5032\/revisions\/5899"}],"wp:attachment":[{"href":"https:\/\/bilgikozasi.com.tr\/en\/wp-json\/wp\/v2\/media?parent=5032"}],"curies":[{"name":"wp","href":"https:\/\/api.w.org\/{rel}","templated":true}]}}