{"id":5049,"date":"2025-11-03T15:36:19","date_gmt":"2025-11-03T12:36:19","guid":{"rendered":"https:\/\/bilgikozasi.com.tr\/?page_id=5049"},"modified":"2026-02-06T08:56:40","modified_gmt":"2026-02-06T05:56:40","slug":"yer-zaman-ve-tasitlar","status":"publish","type":"page","link":"https:\/\/bilgikozasi.com.tr\/en\/yer-zaman-ve-tasitlar\/","title":{"rendered":"Growing Together"},"content":{"rendered":"<div class=\"wpb-content-wrapper\"><div class=\"vc_row wpb_row vc_row-fluid\"><div class=\"wpb_column vc_column_container vc_col-sm-12\"><div class=\"vc_column-inner\"><div class=\"wpb_wrapper\"><div class=\"vc_empty_space\"   style=\"height: 50px\"><span class=\"vc_empty_space_inner\"><\/span><\/div><\/div><\/div><\/div><\/div><div data-vc-full-width=\"true\" data-vc-full-width-temp=\"true\" data-vc-full-width-init=\"false\" class=\"vc_row wpb_row vc_row-fluid vc_custom_1762173114075 vc_row-has-fill vc_row-o-equal-height vc_row-o-content-middle vc_row-flex\"><div class=\"wpb_column vc_column_container vc_col-sm-6 vc_col-lg-6 vc_col-md-6 vc_hidden-md vc_hidden-sm vc_hidden-xs\"><div class=\"vc_column-inner vc_custom_1475230980030\"><div class=\"wpb_wrapper\"><h2 class=\"stm-title stm-title_sep_bottom\" style=\"text-align:center;margin-bottom:28px;color:#57228E\">\n\nGrowing Together\n<\/h2>\n\t<div class=\"stm-separator stm-clearfix stm-separator_type_title\" >\n\t\t<div class=\"stm-separator__line stm-border-b_color_lilac\" style=\"margin-left:auto;margin-right:auto\"><\/div>\n\t<\/div>\n\n\t<div class=\"wpb_text_column wpb_content_element vc_custom_1770099337971\" >\n\t\t<div class=\"wpb_wrapper\">\n\t\t\t<p>Helps children explore their surroundings, understand the past, and recognize change.<\/p>\n\n\t\t<\/div>\n\t<\/div>\n\n\t<div class=\"wpb_text_column wpb_content_element\" >\n\t\t<div class=\"wpb_wrapper\">\n\t\t\t<p>The school\u2013family\u2013child triangle is the foundation and an indispensable part of a culture of learning.<br \/>\nChildren\u2019s development is closely monitored, and families are provided with developmental guidance through individual and group-based support.<\/p>\n<p>At our school, families are regarded as partners who encourage curiosity, support inquiry, and foster objective areas of interest in children\u2019s lives.<\/p>\n<p>Through weekly newsletters and anecdotal updates, families stay connected to their children\u2019s school experiences.<\/p>\n\n\t\t<\/div>\n\t<\/div>\n<\/div><\/div><\/div><div class=\"wpb_column vc_column_container vc_col-sm-12 vc_col-lg-6 vc_col-md-12\"><div class=\"vc_column-inner vc_custom_1475230863115\"><div class=\"wpb_wrapper\"><div class=\"wpb_gallery wpb_content_element vc_clearfix vc_custom_1770357363536 wpb_content_element\" ><div class=\"wpb_wrapper\"><div class=\"wpb_gallery_slides wpb_flexslider flexslider_fade flexslider\" data-interval=\"3\" data-flex_fx=\"fade\"><ul class=\"slides\"><li><a class=\"\" href=\"https:\/\/bilgikozasi.com.tr\/wp-content\/uploads\/2026\/02\/PHOTO-2025-10-03-14-24-44-1024x576.jpg\" data-lightbox=\"lightbox[rel-5049-2816843511]\"><img decoding=\"async\" class=\"\" src=\"https:\/\/bilgikozasi.com.tr\/wp-content\/uploads\/2026\/02\/PHOTO-2025-10-03-14-24-44-600x700.jpg\" width=\"600\" height=\"700\" alt=\"PHOTO-2025-10-03-14-24-44\" title=\"PHOTO-2025-10-03-14-24-44\" loading=\"lazy\" \/><\/a><\/li><li><a class=\"\" href=\"https:\/\/bilgikozasi.com.tr\/wp-content\/uploads\/2026\/02\/PHOTO-2025-11-01-21-30-34-1024x768.jpg\" data-lightbox=\"lightbox[rel-5049-2816843511]\"><img decoding=\"async\" class=\"\" src=\"https:\/\/bilgikozasi.com.tr\/wp-content\/uploads\/2026\/02\/PHOTO-2025-11-01-21-30-34-600x700.jpg\" width=\"600\" height=\"700\" alt=\"PHOTO-2025-11-01-21-30-34\" title=\"PHOTO-2025-11-01-21-30-34\" loading=\"lazy\" \/><\/a><\/li><li><a class=\"\" href=\"https:\/\/bilgikozasi.com.tr\/wp-content\/uploads\/2026\/02\/IMG_0595-1024x768.jpeg\" data-lightbox=\"lightbox[rel-5049-2816843511]\"><img decoding=\"async\" class=\"\" src=\"https:\/\/bilgikozasi.com.tr\/wp-content\/uploads\/2026\/02\/IMG_0595-scaled-600x700.jpeg\" width=\"600\" height=\"700\" alt=\"IMG_0595\" title=\"IMG_0595\" loading=\"lazy\" \/><\/a><\/li><li><a class=\"\" href=\"https:\/\/bilgikozasi.com.tr\/wp-content\/uploads\/2026\/02\/IMG_0597-1024x768.jpeg\" data-lightbox=\"lightbox[rel-5049-2816843511]\"><img decoding=\"async\" class=\"\" src=\"https:\/\/bilgikozasi.com.tr\/wp-content\/uploads\/2026\/02\/IMG_0597-scaled-600x700.jpeg\" width=\"600\" height=\"700\" alt=\"IMG_0597\" title=\"IMG_0597\" loading=\"lazy\" \/><\/a><\/li><\/ul><\/div><\/div><\/div><\/div><\/div><\/div><\/div><div class=\"vc_row-full-width vc_clearfix\"><\/div>\n<\/div>","protected":false},"excerpt":{"rendered":"Birlikte B\u00fcy\u00fcmek \u00c7ocuklar\u0131n \u00e7evreyi ke\u015ffetmelerine, ge\u00e7mi\u015fi anlamalar\u0131na ve de\u011fi\u015fimi fark etmelerine yard\u0131mc\u0131 olur. Okul, aile ve \u00e7ocuk \u00fc\u00e7geni; \u00f6\u011frenenler k\u00fclt\u00fcr\u00fcn\u00fcn temeli ve vazge\u00e7ilmez bir par\u00e7as\u0131d\u0131r. \u00c7ocuklar\u0131n geli\u015fimleri yak\u0131ndan izlenir, ailelere bireysel ve grup \u00e7al\u0131\u015fmalar\u0131yla geli\u015fim rehberli\u011fi sunulur. Okulumuzda aileler, \u00e7ocuklar\u0131n\u0131n hayat\u0131nda merak uyand\u0131ran, ara\u015ft\u0131rma iste\u011fini besleyen ve nesnel ilgi alanlar\u0131 yaratan payda\u015flar olarak g\u00f6r\u00fcl\u00fcr. Haftal\u0131k [...]","protected":false},"author":1,"featured_media":0,"parent":0,"menu_order":0,"comment_status":"closed","ping_status":"closed","template":"","meta":{"footnotes":""},"class_list":["post-5049","page","type-page","status-publish","hentry"],"_links":{"self":[{"href":"https:\/\/bilgikozasi.com.tr\/en\/wp-json\/wp\/v2\/pages\/5049","targetHints":{"allow":["GET"]}}],"collection":[{"href":"https:\/\/bilgikozasi.com.tr\/en\/wp-json\/wp\/v2\/pages"}],"about":[{"href":"https:\/\/bilgikozasi.com.tr\/en\/wp-json\/wp\/v2\/types\/page"}],"author":[{"embeddable":true,"href":"https:\/\/bilgikozasi.com.tr\/en\/wp-json\/wp\/v2\/users\/1"}],"replies":[{"embeddable":true,"href":"https:\/\/bilgikozasi.com.tr\/en\/wp-json\/wp\/v2\/comments?post=5049"}],"version-history":[{"count":24,"href":"https:\/\/bilgikozasi.com.tr\/en\/wp-json\/wp\/v2\/pages\/5049\/revisions"}],"predecessor-version":[{"id":5898,"href":"https:\/\/bilgikozasi.com.tr\/en\/wp-json\/wp\/v2\/pages\/5049\/revisions\/5898"}],"wp:attachment":[{"href":"https:\/\/bilgikozasi.com.tr\/en\/wp-json\/wp\/v2\/media?parent=5049"}],"curies":[{"name":"wp","href":"https:\/\/api.w.org\/{rel}","templated":true}]}}