{"id":5062,"date":"2025-11-03T19:33:04","date_gmt":"2025-11-03T16:33:04","guid":{"rendered":"https:\/\/bilgikozasi.com.tr\/?page_id=5062"},"modified":"2026-02-06T13:46:04","modified_gmt":"2026-02-06T10:46:04","slug":"cift-dilli-program","status":"publish","type":"page","link":"https:\/\/bilgikozasi.com.tr\/en\/cift-dilli-program\/","title":{"rendered":"Bilingual Program"},"content":{"rendered":"<div class=\"wpb-content-wrapper\"><div class=\"vc_row wpb_row vc_row-fluid\"><div class=\"wpb_column vc_column_container vc_col-sm-12\"><div class=\"vc_column-inner\"><div class=\"wpb_wrapper\"><div class=\"vc_empty_space\"   style=\"height: 50px\"><span class=\"vc_empty_space_inner\"><\/span><\/div><\/div><\/div><\/div><\/div><div data-vc-full-width=\"true\" data-vc-full-width-temp=\"true\" data-vc-full-width-init=\"false\" class=\"vc_row wpb_row vc_row-fluid vc_custom_1762173114075 vc_row-has-fill vc_row-o-equal-height vc_row-o-content-middle vc_row-flex\"><div class=\"wpb_column vc_column_container vc_col-sm-6 vc_col-lg-6 vc_col-md-6 vc_hidden-md vc_hidden-sm vc_hidden-xs\"><div class=\"vc_column-inner vc_custom_1769769306724\"><div class=\"wpb_wrapper\"><h2 class=\"stm-title stm-title_sep_bottom\" style=\"text-align:center;margin-bottom:28px;color:#57228E\">\n\nBilingual Program\n<\/h2>\n\t<div class=\"stm-separator stm-clearfix stm-separator_type_title\" >\n\t\t<div class=\"stm-separator__line stm-border-b_color_lilac\" style=\"margin-left:auto;margin-right:auto\"><\/div>\n\t<\/div>\n\n\t<div class=\"wpb_text_column wpb_content_element\" >\n\t\t<div class=\"wpb_wrapper\">\n\t\t\t<p>We don\u2019t teach babies language; they decode the language around them. We provide an environment that enriches this process.<\/p>\n\n\t\t<\/div>\n\t<\/div>\n\n\t<div class=\"wpb_text_column wpb_content_element\" >\n\t\t<div class=\"wpb_wrapper\">\n\t\t\t<p><span style=\"font-weight: 400;\">With the development of language, a journey in the brain from the concrete to the abstract begins; because human beings can think only as far as language allows.<\/span><span style=\"font-weight: 400;\"><br \/>\n<\/span><span style=\"font-weight: 400;\">\u00c7ocuklar\u0131n geli\u015fimine katk\u0131 sunmak varl\u0131k nedenimizdir. Onlarla tan\u0131\u015ft\u0131\u011f\u0131m\u0131z ana dili derinle\u015ftirmek ve zenginle\u015ftirmek, \u00f6ncelikli hedefimizdir.<\/span><\/p>\n<p><span style=\"font-weight: 400;\">English has become a common language of communication in our world. Our goal is to introduce children to English at an early age, supporting the natural development of the language in a way similar to their mother tongue.<\/span><\/p>\n<p><span style=\"font-weight: 400;\">At our school, children are exposed to both English and Turkish throughout the day. Circle time, art, and movement activities are conducted in English. This approach allows children to experience language as a natural means of communication.<\/span><\/p>\n<p><span style=\"font-weight: 400;\">Our program is delivered by experienced teachers in both Turkish and English.<\/span><\/p>\n\n\t\t<\/div>\n\t<\/div>\n<\/div><\/div><\/div><div class=\"wpb_column vc_column_container vc_col-sm-12 vc_col-lg-6 vc_col-md-12\"><div class=\"vc_column-inner vc_custom_1475230863115\"><div class=\"wpb_wrapper\"><div class=\"wpb_gallery wpb_content_element vc_clearfix vc_custom_1770374749882 wpb_content_element\" ><div class=\"wpb_wrapper\"><div class=\"wpb_gallery_slides wpb_flexslider flexslider_fade flexslider\" data-interval=\"3\" data-flex_fx=\"fade\"><ul class=\"slides\"><li><a class=\"\" href=\"https:\/\/bilgikozasi.com.tr\/wp-content\/uploads\/2025\/11\/OO_0248-1024x683.webp\" data-lightbox=\"lightbox[rel-5062-3989418582]\"><img decoding=\"async\" class=\"\" src=\"https:\/\/bilgikozasi.com.tr\/wp-content\/uploads\/2025\/11\/OO_0248-500x500.webp\" width=\"500\" height=\"500\" alt=\"_OO_0248\" title=\"_OO_0248\" loading=\"lazy\" \/><\/a><\/li><li><a class=\"\" href=\"https:\/\/bilgikozasi.com.tr\/wp-content\/uploads\/2026\/01\/OO_0136-1-683x1024.jpg\" data-lightbox=\"lightbox[rel-5062-3989418582]\"><img decoding=\"async\" class=\"\" src=\"https:\/\/bilgikozasi.com.tr\/wp-content\/uploads\/2026\/01\/OO_0136-1-500x500.jpg\" width=\"500\" height=\"500\" alt=\"_OO_0136\" title=\"_OO_0136\" loading=\"lazy\" \/><\/a><\/li><li><a class=\"\" href=\"https:\/\/bilgikozasi.com.tr\/wp-content\/uploads\/2025\/11\/OO_0270-1024x683.webp\" data-lightbox=\"lightbox[rel-5062-3989418582]\"><img decoding=\"async\" class=\"\" src=\"https:\/\/bilgikozasi.com.tr\/wp-content\/uploads\/2025\/11\/OO_0270-500x500.webp\" width=\"500\" height=\"500\" alt=\"_OO_0270\" title=\"_OO_0270\" loading=\"lazy\" \/><\/a><\/li><li><a class=\"\" href=\"https:\/\/bilgikozasi.com.tr\/wp-content\/uploads\/2025\/11\/OO_0291-1024x683.webp\" data-lightbox=\"lightbox[rel-5062-3989418582]\"><img decoding=\"async\" class=\"\" src=\"https:\/\/bilgikozasi.com.tr\/wp-content\/uploads\/2025\/11\/OO_0291-500x500.webp\" width=\"500\" height=\"500\" alt=\"_OO_0291\" title=\"_OO_0291\" loading=\"lazy\" \/><\/a><\/li><li><a class=\"\" href=\"https:\/\/bilgikozasi.com.tr\/wp-content\/uploads\/2025\/11\/OO_0304-1024x683.webp\" data-lightbox=\"lightbox[rel-5062-3989418582]\"><img decoding=\"async\" class=\"\" src=\"https:\/\/bilgikozasi.com.tr\/wp-content\/uploads\/2025\/11\/OO_0304-500x500.webp\" width=\"500\" height=\"500\" alt=\"_OO_0304\" title=\"_OO_0304\" loading=\"lazy\" \/><\/a><\/li><li><a class=\"\" href=\"https:\/\/bilgikozasi.com.tr\/wp-content\/uploads\/2025\/11\/OO_0357-1024x683.webp\" data-lightbox=\"lightbox[rel-5062-3989418582]\"><img decoding=\"async\" class=\"\" src=\"https:\/\/bilgikozasi.com.tr\/wp-content\/uploads\/2025\/11\/OO_0357-500x500.webp\" width=\"500\" height=\"500\" alt=\"_OO_0357\" title=\"_OO_0357\" loading=\"lazy\" \/><\/a><\/li><li><a class=\"\" href=\"https:\/\/bilgikozasi.com.tr\/wp-content\/uploads\/2026\/01\/OO_0102-1024x683.jpg\" data-lightbox=\"lightbox[rel-5062-3989418582]\"><img decoding=\"async\" class=\"\" src=\"https:\/\/bilgikozasi.com.tr\/wp-content\/uploads\/2026\/01\/OO_0102-500x500.jpg\" width=\"500\" height=\"500\" alt=\"_OO_0102\" title=\"_OO_0102\" loading=\"lazy\" \/><\/a><\/li><\/ul><\/div><\/div><\/div><\/div><\/div><\/div><\/div><div class=\"vc_row-full-width vc_clearfix\"><\/div>\n<\/div>","protected":false},"excerpt":{"rendered":"\u00c7ift Dilli Program Bebeklere dili \u00f6\u011fretmeyiz; onlar, i\u00e7inde ya\u015fad\u0131klar\u0131 dilin kodlar\u0131n\u0131 \u00e7\u00f6zerler. Biz ise bu s\u00fcreci zenginle\u015ftiren bir ortam sunar\u0131z. Dil geli\u015fimiyle birlikte beyinde somuttan soyuta do\u011fru bir yolculuk ba\u015flar; \u00e7\u00fcnk\u00fc insan, dili kadar d\u00fc\u015f\u00fcnebilir. \u00c7ocuklar\u0131n geli\u015fimine katk\u0131 sunmak varl\u0131k nedenimizdir. Onlarla tan\u0131\u015ft\u0131\u011f\u0131m\u0131z ana dili derinle\u015ftirmek ve zenginle\u015ftirmek, \u00f6ncelikli hedefimizdir. D\u00fcnyam\u0131zda \u0130ngilizce ortak bir ileti\u015fim [...]","protected":false},"author":1,"featured_media":0,"parent":0,"menu_order":0,"comment_status":"closed","ping_status":"closed","template":"","meta":{"footnotes":""},"class_list":["post-5062","page","type-page","status-publish","hentry"],"_links":{"self":[{"href":"https:\/\/bilgikozasi.com.tr\/en\/wp-json\/wp\/v2\/pages\/5062","targetHints":{"allow":["GET"]}}],"collection":[{"href":"https:\/\/bilgikozasi.com.tr\/en\/wp-json\/wp\/v2\/pages"}],"about":[{"href":"https:\/\/bilgikozasi.com.tr\/en\/wp-json\/wp\/v2\/types\/page"}],"author":[{"embeddable":true,"href":"https:\/\/bilgikozasi.com.tr\/en\/wp-json\/wp\/v2\/users\/1"}],"replies":[{"embeddable":true,"href":"https:\/\/bilgikozasi.com.tr\/en\/wp-json\/wp\/v2\/comments?post=5062"}],"version-history":[{"count":15,"href":"https:\/\/bilgikozasi.com.tr\/en\/wp-json\/wp\/v2\/pages\/5062\/revisions"}],"predecessor-version":[{"id":5911,"href":"https:\/\/bilgikozasi.com.tr\/en\/wp-json\/wp\/v2\/pages\/5062\/revisions\/5911"}],"wp:attachment":[{"href":"https:\/\/bilgikozasi.com.tr\/en\/wp-json\/wp\/v2\/media?parent=5062"}],"curies":[{"name":"wp","href":"https:\/\/api.w.org\/{rel}","templated":true}]}}