{"id":5073,"date":"2025-11-03T19:37:17","date_gmt":"2025-11-03T16:37:17","guid":{"rendered":"https:\/\/bilgikozasi.com.tr\/?page_id=5073"},"modified":"2026-02-03T21:16:31","modified_gmt":"2026-02-03T18:16:31","slug":"dogaya-uyum-programi","status":"publish","type":"page","link":"https:\/\/bilgikozasi.com.tr\/en\/dogaya-uyum-programi\/","title":{"rendered":"Nature Integration Program"},"content":{"rendered":"<div class=\"wpb-content-wrapper\"><div class=\"vc_row wpb_row vc_row-fluid\"><div class=\"wpb_column vc_column_container vc_col-sm-12\"><div class=\"vc_column-inner\"><div class=\"wpb_wrapper\"><div class=\"vc_empty_space\"   style=\"height: 50px\"><span class=\"vc_empty_space_inner\"><\/span><\/div><\/div><\/div><\/div><\/div><div data-vc-full-width=\"true\" data-vc-full-width-temp=\"true\" data-vc-full-width-init=\"false\" class=\"vc_row wpb_row vc_row-fluid vc_custom_1770139641367 vc_row-has-fill vc_row-o-equal-height vc_row-o-content-middle vc_row-flex\"><div class=\"wpb_column vc_column_container vc_col-sm-6 vc_col-lg-6 vc_col-md-6 vc_hidden-md vc_hidden-sm vc_hidden-xs\"><div class=\"vc_column-inner vc_custom_1475230980030\"><div class=\"wpb_wrapper\"><div class=\"wpb_gallery wpb_content_element vc_clearfix vc_custom_1770139689726 wpb_content_element\" ><div class=\"wpb_wrapper\"><div class=\"wpb_gallery_slides wpb_flexslider flexslider_slide flexslider\" data-interval=\"3\" data-flex_fx=\"slide\"><ul class=\"slides\"><li><img decoding=\"async\" class=\"\" src=\"https:\/\/bilgikozasi.com.tr\/wp-content\/uploads\/2026\/02\/PHOTO-2026-02-03-11-33-48-760x500.jpg\" width=\"760\" height=\"500\" alt=\"PHOTO-2026-02-03-11-33-48\" title=\"PHOTO-2026-02-03-11-33-48\" loading=\"lazy\" \/><\/li><li><img decoding=\"async\" class=\"\" src=\"https:\/\/bilgikozasi.com.tr\/wp-content\/uploads\/2026\/02\/PHOTO-2025-12-15-12-20-01-760x500.jpg\" width=\"760\" height=\"500\" alt=\"PHOTO-2025-12-15-12-20-01\" title=\"PHOTO-2025-12-15-12-20-01\" loading=\"lazy\" \/><\/li><li><img decoding=\"async\" class=\"\" src=\"https:\/\/bilgikozasi.com.tr\/wp-content\/uploads\/2026\/02\/PHOTO-2025-11-03-11-18-27-760x500.jpg\" width=\"760\" height=\"500\" alt=\"PHOTO-2025-11-03-11-18-27\" title=\"PHOTO-2025-11-03-11-18-27\" loading=\"lazy\" \/><\/li><li><img decoding=\"async\" class=\"\" src=\"https:\/\/bilgikozasi.com.tr\/wp-content\/uploads\/2026\/02\/PHOTO-2025-11-03-18-44-31-760x500.jpg\" width=\"760\" height=\"500\" alt=\"PHOTO-2025-11-03-18-44-31\" title=\"PHOTO-2025-11-03-18-44-31\" loading=\"lazy\" \/><\/li><li><img decoding=\"async\" class=\"\" src=\"https:\/\/bilgikozasi.com.tr\/wp-content\/uploads\/2026\/02\/IMG_8378-scaled-760x500.jpg\" width=\"760\" height=\"500\" alt=\"IMG_8378\" title=\"IMG_8378\" loading=\"lazy\" \/><\/li><li><img decoding=\"async\" class=\"\" src=\"https:\/\/bilgikozasi.com.tr\/wp-content\/uploads\/2026\/02\/IMG_6001-scaled-760x500.jpg\" width=\"760\" height=\"500\" alt=\"IMG_6001\" title=\"IMG_6001\" loading=\"lazy\" \/><\/li><li><img decoding=\"async\" class=\"\" src=\"https:\/\/bilgikozasi.com.tr\/wp-content\/uploads\/2026\/02\/6710ce63-7673-4a93-b566-b271b3f15064-760x500.jpg\" width=\"760\" height=\"500\" alt=\"6710ce63-7673-4a93-b566-b271b3f15064\" title=\"6710ce63-7673-4a93-b566-b271b3f15064\" loading=\"lazy\" \/><\/li><li><img decoding=\"async\" class=\"\" src=\"https:\/\/bilgikozasi.com.tr\/wp-content\/uploads\/2026\/02\/946E57DE-1CA5-433C-8111-16BD570EB783-760x500.jpg\" width=\"760\" height=\"500\" alt=\"946E57DE-1CA5-433C-8111-16BD570EB783\" title=\"946E57DE-1CA5-433C-8111-16BD570EB783\" loading=\"lazy\" \/><\/li><\/ul><\/div><\/div><\/div><\/div><\/div><\/div><div class=\"wpb_column vc_column_container vc_col-sm-12 vc_col-lg-6 vc_col-md-12\"><div class=\"vc_column-inner vc_custom_1770139747966\"><div class=\"wpb_wrapper\"><h2 class=\"stm-title stm-title_sep_bottom\" style=\"text-align:center;margin-bottom:28px;color:#57228E\">\n\nNature Integration Program\n<\/h2>\n\t<div class=\"stm-separator stm-clearfix stm-separator_type_title\" >\n\t\t<div class=\"stm-separator__line stm-border-b_color_lilac\" style=\"margin-left:auto;margin-right:auto\"><\/div>\n\t<\/div>\n\n\t<div class=\"wpb_text_column wpb_content_element\" >\n\t\t<div class=\"wpb_wrapper\">\n\t\t\t<p>As part of our educational program, the Forest Classroom aims to help children live in harmony with nature and develop the ability to create their own games in a toy-free environment. Thanks to the endless possibilities offered by nature, children learn to move, explore, create, collaborate, and imagine freely.<\/p>\n\n\t\t<\/div>\n\t<\/div>\n<\/div><\/div><\/div><\/div><div class=\"vc_row-full-width vc_clearfix\"><\/div>\n<\/div>","protected":false},"excerpt":{"rendered":"Do\u011faya Uyum Program\u0131 E\u011fitim program\u0131m\u0131z\u0131n bir par\u00e7as\u0131 olan Orman S\u0131n\u0131f\u0131, \u00e7ocuklar\u0131n do\u011fayla uyum i\u00e7inde olmalar\u0131n\u0131 ve oyuncaks\u0131z bir ortamda kendi oyunlar\u0131n\u0131 kurma becerilerini geli\u015ftirmelerini hedefler. Do\u011fan\u0131n sundu\u011fu sonsuz imk\u00e2nlar sayesinde \u00e7ocuklar; hareket etmeyi, ke\u015ffetmeyi, \u00fcretmeyi, i\u015f birli\u011fi yapmay\u0131 ve \u00f6zg\u00fcrce hayal kurmay\u0131 \u00f6\u011frenirler.","protected":false},"author":1,"featured_media":0,"parent":0,"menu_order":0,"comment_status":"closed","ping_status":"closed","template":"","meta":{"footnotes":""},"class_list":["post-5073","page","type-page","status-publish","hentry"],"_links":{"self":[{"href":"https:\/\/bilgikozasi.com.tr\/en\/wp-json\/wp\/v2\/pages\/5073","targetHints":{"allow":["GET"]}}],"collection":[{"href":"https:\/\/bilgikozasi.com.tr\/en\/wp-json\/wp\/v2\/pages"}],"about":[{"href":"https:\/\/bilgikozasi.com.tr\/en\/wp-json\/wp\/v2\/types\/page"}],"author":[{"embeddable":true,"href":"https:\/\/bilgikozasi.com.tr\/en\/wp-json\/wp\/v2\/users\/1"}],"replies":[{"embeddable":true,"href":"https:\/\/bilgikozasi.com.tr\/en\/wp-json\/wp\/v2\/comments?post=5073"}],"version-history":[{"count":9,"href":"https:\/\/bilgikozasi.com.tr\/en\/wp-json\/wp\/v2\/pages\/5073\/revisions"}],"predecessor-version":[{"id":5830,"href":"https:\/\/bilgikozasi.com.tr\/en\/wp-json\/wp\/v2\/pages\/5073\/revisions\/5830"}],"wp:attachment":[{"href":"https:\/\/bilgikozasi.com.tr\/en\/wp-json\/wp\/v2\/media?parent=5073"}],"curies":[{"name":"wp","href":"https:\/\/api.w.org\/{rel}","templated":true}]}}