{"id":5096,"date":"2025-11-03T19:52:52","date_gmt":"2025-11-03T16:52:52","guid":{"rendered":"https:\/\/bilgikozasi.com.tr\/?page_id=5096"},"modified":"2026-02-03T21:11:51","modified_gmt":"2026-02-03T18:11:51","slug":"kemerburgaz","status":"publish","type":"page","link":"https:\/\/bilgikozasi.com.tr\/en\/kemerburgaz\/","title":{"rendered":"Kemerburgaz"},"content":{"rendered":"<div class=\"wpb-content-wrapper\"><div class=\"vc_row wpb_row vc_row-fluid\"><div class=\"wpb_column vc_column_container vc_col-sm-12\"><div class=\"vc_column-inner\"><div class=\"wpb_wrapper\"><div class=\"vc_empty_space\"   style=\"height: 50px\"><span class=\"vc_empty_space_inner\"><\/span><\/div><\/div><\/div><\/div><\/div><div data-vc-full-width=\"true\" data-vc-full-width-temp=\"true\" data-vc-full-width-init=\"false\" class=\"vc_row wpb_row vc_row-fluid vc_custom_1762173114075 vc_row-has-fill vc_row-o-equal-height vc_row-o-content-middle vc_row-flex\"><div class=\"wpb_column vc_column_container vc_col-sm-6 vc_col-lg-6 vc_col-md-6\"><div class=\"vc_column-inner vc_custom_1769763273161\"><div class=\"wpb_wrapper\"><div class=\"wpb_gallery wpb_content_element vc_clearfix vc_custom_1770142276507 wpb_content_element\" ><div class=\"wpb_wrapper\"><div class=\"wpb_gallery_slides wpb_flexslider flexslider_fade flexslider\" data-interval=\"3\" data-flex_fx=\"fade\"><ul class=\"slides\"><li><a class=\"\" href=\"https:\/\/bilgikozasi.com.tr\/wp-content\/uploads\/2025\/11\/OO_0485-1024x683.webp\" data-lightbox=\"lightbox[rel-5096-4034133056]\"><img decoding=\"async\" class=\"\" src=\"https:\/\/bilgikozasi.com.tr\/wp-content\/uploads\/2025\/11\/OO_0485-600x500.webp\" width=\"600\" height=\"500\" alt=\"_OO_0485\" title=\"_OO_0485\" loading=\"lazy\" \/><\/a><\/li><li><a class=\"\" href=\"https:\/\/bilgikozasi.com.tr\/wp-content\/uploads\/2025\/11\/OO_0488-1024x683.webp\" data-lightbox=\"lightbox[rel-5096-4034133056]\"><img decoding=\"async\" class=\"\" src=\"https:\/\/bilgikozasi.com.tr\/wp-content\/uploads\/2025\/11\/OO_0488-600x500.webp\" width=\"600\" height=\"500\" alt=\"_OO_0488\" title=\"_OO_0488\" loading=\"lazy\" \/><\/a><\/li><li><a class=\"\" href=\"https:\/\/bilgikozasi.com.tr\/wp-content\/uploads\/2025\/11\/OO_0499-1024x683.webp\" data-lightbox=\"lightbox[rel-5096-4034133056]\"><img decoding=\"async\" class=\"\" src=\"https:\/\/bilgikozasi.com.tr\/wp-content\/uploads\/2025\/11\/OO_0499-600x500.webp\" width=\"600\" height=\"500\" alt=\"_OO_0499\" title=\"_OO_0499\" loading=\"lazy\" \/><\/a><\/li><li><a class=\"\" href=\"https:\/\/bilgikozasi.com.tr\/wp-content\/uploads\/2025\/11\/OO_0504-683x1024.webp\" data-lightbox=\"lightbox[rel-5096-4034133056]\"><img decoding=\"async\" class=\"\" src=\"https:\/\/bilgikozasi.com.tr\/wp-content\/uploads\/2025\/11\/OO_0504-600x500.webp\" width=\"600\" height=\"500\" alt=\"_OO_0504\" title=\"_OO_0504\" loading=\"lazy\" \/><\/a><\/li><li><a class=\"\" href=\"https:\/\/bilgikozasi.com.tr\/wp-content\/uploads\/2025\/11\/OO_0516-1024x683.webp\" data-lightbox=\"lightbox[rel-5096-4034133056]\"><img decoding=\"async\" class=\"\" src=\"https:\/\/bilgikozasi.com.tr\/wp-content\/uploads\/2025\/11\/OO_0516-600x500.webp\" width=\"600\" height=\"500\" alt=\"_OO_0516\" title=\"_OO_0516\" loading=\"lazy\" \/><\/a><\/li><li><a class=\"\" href=\"https:\/\/bilgikozasi.com.tr\/wp-content\/uploads\/2025\/11\/OO_0517-1024x683.webp\" data-lightbox=\"lightbox[rel-5096-4034133056]\"><img decoding=\"async\" class=\"\" src=\"https:\/\/bilgikozasi.com.tr\/wp-content\/uploads\/2025\/11\/OO_0517-600x500.webp\" width=\"600\" height=\"500\" alt=\"_OO_0517\" title=\"_OO_0517\" loading=\"lazy\" \/><\/a><\/li><\/ul><\/div><\/div><\/div><\/div><\/div><\/div><div class=\"wpb_column vc_column_container vc_col-sm-12 vc_col-lg-6 vc_col-md-12\"><div class=\"vc_column-inner vc_custom_1475230863115\"><div class=\"wpb_wrapper\"><h2 class=\"stm-title stm-title_sep_bottom\" style=\"text-align:center;margin-bottom:28px;color:#57228E\">\n\nKemerburgaz\n<\/h2>\n\t<div class=\"stm-separator stm-clearfix stm-separator_type_title\" >\n\t\t<div class=\"stm-separator__line stm-border-b_color_lilac\" style=\"margin-left:auto;margin-right:auto\"><\/div>\n\t<\/div>\n\n<div class=\"stm-contact-details_box stm-contact-details_type_contact\">\n\t<ul class=\"stm-contact-details__items_box\">\n\n\t\t\t\t\t<li class=\"stm-contact-details__item stm-contact-details__item_type_tel\"><span class=\"stm-icon stm-icon-phone\"><\/span> 0212 360 00 40<\/li>\n\t\t\t\t                    <li class=\"stm-contact-details__item stm-contact-details__item_type_email\"><span class=\"stm-icon stm-icon-mail\"><\/span> <a href=\"mailto:kemer@bilgikozasi.com.tr\">kemer@bilgikozasi.com.tr<\/a><\/li>\n                                                    <li class=\"stm-contact-details__item stm-contact-details__item_type_address\"><span class=\"stm-icon stm-icon-location\"><\/span> Mimar Sinan mah. Z\u00fcmr\u00fct sok. No:72 Kemerburgaz, Ey\u00fcp \/ \u0130stanbul<\/li>\n        \n\t<\/ul>\n\n            <ul class=\"list list_inline list_social-networks\">\n                            <li class=\"list__item\"><a class=\"list__item-link list__item-link_instagram\" href=\"https:\/\/www.instagram.com\/bilgikozasi\" target=\"_blank\" rel=\"noopener\"><i class=\"fab fa-instagram\"><\/i><\/a><\/li>\n                    <\/ul>\n    <\/div>\n<\/div><\/div><\/div><\/div><div class=\"vc_row-full-width vc_clearfix\"><\/div>\n<\/div>","protected":false},"excerpt":{"rendered":"Kemerburgaz 0212 360 00 40 kemer@bilgikozasi.com.tr Mimar Sinan mah. Z\u00fcmr\u00fct sok. No:72 Kemerburgaz, Ey\u00fcp \/ \u0130stanbul","protected":false},"author":1,"featured_media":0,"parent":0,"menu_order":0,"comment_status":"closed","ping_status":"closed","template":"","meta":{"footnotes":""},"class_list":["post-5096","page","type-page","status-publish","hentry"],"_links":{"self":[{"href":"https:\/\/bilgikozasi.com.tr\/en\/wp-json\/wp\/v2\/pages\/5096","targetHints":{"allow":["GET"]}}],"collection":[{"href":"https:\/\/bilgikozasi.com.tr\/en\/wp-json\/wp\/v2\/pages"}],"about":[{"href":"https:\/\/bilgikozasi.com.tr\/en\/wp-json\/wp\/v2\/types\/page"}],"author":[{"embeddable":true,"href":"https:\/\/bilgikozasi.com.tr\/en\/wp-json\/wp\/v2\/users\/1"}],"replies":[{"embeddable":true,"href":"https:\/\/bilgikozasi.com.tr\/en\/wp-json\/wp\/v2\/comments?post=5096"}],"version-history":[{"count":15,"href":"https:\/\/bilgikozasi.com.tr\/en\/wp-json\/wp\/v2\/pages\/5096\/revisions"}],"predecessor-version":[{"id":5853,"href":"https:\/\/bilgikozasi.com.tr\/en\/wp-json\/wp\/v2\/pages\/5096\/revisions\/5853"}],"wp:attachment":[{"href":"https:\/\/bilgikozasi.com.tr\/en\/wp-json\/wp\/v2\/media?parent=5096"}],"curies":[{"name":"wp","href":"https:\/\/api.w.org\/{rel}","templated":true}]}}